{"id":10620,"date":"2026-02-11T17:04:15","date_gmt":"2026-02-11T16:04:15","guid":{"rendered":"https:\/\/slauschek.photography\/cms\/?page_id=10620"},"modified":"2026-05-07T11:25:34","modified_gmt":"2026-05-07T09:25:34","slug":"project-overview","status":"publish","type":"page","link":"https:\/\/slauschek.photography\/cms\/between-breaths\/project-overview\/","title":{"rendered":"Between Breaths \u2013 Project Overview"},"content":{"rendered":"\n<h6 class=\"wp-block-heading has-text-align-center has-medium-font-size\"><\/h6>\n\n\n\n<p class=\"has-text-align-center\"><em><strong>Between Breaths \u2014 A visual rhythm unfolding between breaths.<\/strong><\/em><\/p>\n\n\n\n<div style=\"height:40px\" aria-hidden=\"true\" class=\"wp-block-spacer\"><\/div>\n\n\n\n<hr class=\"wp-block-separator has-alpha-channel-opacity is-style-default\"\/>\n\n\n\n<p class=\"has-text-align-center\"><a href=\"#project-overview\">Project Overview<\/a> \u2014 <a href=\"#blackwhite\" type=\"internal\" id=\"#Black&amp;White\">Black &amp; White<\/a> \u2014 <a href=\"#manifestations\">Manifestations<\/a> \u2014 <a href=\"#theartist\" type=\"internal\" id=\"#theartist\">Artist<\/a> \u2014 <a href=\"#gallery\">Gallery<\/a> \u2014 <a href=\"https:\/\/slauschek.photography\/cms\/between-breaths\/partners-supporters\/\" type=\"page\" id=\"10663\">Partners &amp; Supporters<\/a><\/p>\n\n\n\n<hr class=\"wp-block-separator has-alpha-channel-opacity is-style-default\"\/>\n\n\n\n<div style=\"height:40px\" aria-hidden=\"true\" class=\"wp-block-spacer\"><\/div>\n\n\n\n<h5 class=\"wp-block-heading\" id=\"project-overview\"><strong>Project Overview<\/strong><\/h5>\n\n\n\n<p><em>Between Breaths<\/em> ist ein k\u00fcnstlerisches Fine Art Projekt von Harald Slauschek in Schwarzwei\u00df, entwickelt aus langj\u00e4hriger fotografischer Praxis in der Unterwasser- und Portr\u00e4tfotografie und sichtbar in einer eigenst\u00e4ndigen Bildsprache.<\/p>\n\n\n\n<p>Der Titel beschreibt den Moment zwischen zwei Atemz\u00fcgen \u2013 einen Zwischenraum, in dem gerade etwas geschehen ist, gerade geschieht oder unmittelbar bevorsteht. Ein Zustand zwischen Dynamik und Ruhe, zwischen Aktion und Nachhall: ein unsichtbares, aber sp\u00fcrbares Spannungsfeld, in dem Pr\u00e4senz entsteht.<\/p>\n\n\n\n<p>In diesem Verst\u00e4ndnis entsteht das Projekt aus jenem Gedanken, den Viktor E. Frankl formuliert:<br><em>\u201eZwischen Reiz und Reaktion liegt ein Raum. In diesem Raum liegt unsere Macht zur Wahl.\u201c<\/em><\/p>\n\n\n\n<p><em>Between Breaths<\/em> zeigt den von mir sogenannten Zwischenmoment \u2013 den \u00dcbergang zwischen Reiz und Reaktion, in dem sich Bedeutung formt und zugleich noch offen bleibt, was daraus entsteht.<br>F\u00fcr Harald Slauschek liegt darin auch die fotografische \u201eMacht zur Wahl\u201c: den offenen \u00dcbergang bewusst wahrzunehmen und festzuhalten, bevor sich eine Situation in eine eindeutige Richtung aufl\u00f6st.<\/p>\n\n\n\n<p>Im Zentrum des Projekts steht dieser \u00dcbergang \u2013 der Punkt, an dem Vergangenheit und Zukunft im fotografischen Augenblick zusammenlaufen. Zeit wird dabei nicht angehalten, sondern gleichzeitig erfahrbar.<\/p>\n\n\n\n<p>Der fotografische Augenblick macht diesen Zustand sichtbar: Etwas hat gerade stattgefunden, etwas geschieht \u2013 und etwas wird folgen. Gerade in diesem kurzen \u00dcbergang entsteht oft eine besondere Klarheit.<\/p>\n\n\n\n<p>Dabei entsteht die Bildauswahl bewusst nicht aus dem offensichtlichen H\u00f6hepunkt einer Situation. Die Fotografien zeigen stattdessen oft die Momente davor oder danach \u2013 \u00dcbergangszust\u00e4nde, in denen Bewegung, Spannung oder Bedeutung noch nicht vollst\u00e4ndig aufgel\u00f6st sind.<\/p>\n\n\n\n<p>Diese bewusste Entscheidung f\u00fcr den \u00dcbergang pr\u00e4gt die fotografische Haltung des Projekts. Der Zwischenmoment bleibt offen \u2013 nicht eindeutig, nicht abgeschlossen. Genau darin entsteht jene Spannung, die <em>Between Breaths<\/em> sichtbar machen m\u00f6chte.<\/p>\n\n\n\n<p>Diese Haltung bildet die Grundlage f\u00fcr die kuratierte Abfolge der Bilder. Jedes Motiv ist Teil einer Sequenz, die nicht nur das einzelne Bild zeigt, sondern auch die Bewegung, Energie und Atmosph\u00e4re zwischen den Bildern sichtbar macht.<\/p>\n\n\n\n<p>Das Projekt versteht sich als visuelle Sequenz \u2013 nicht chronologisch, sondern rhythmisch komponiert.<\/p>\n\n\n\n<p><em>A visual rhythm unfolding between breaths.<\/em><br><em>The sequence ends, the rhythm does not.<\/em><\/p>\n\n\n\n<p><em>Between Breaths<\/em> findet Ausdruck in verschiedenen Formaten: als <a href=\"https:\/\/slauschek.photography\/cms\/between-breaths\/calendar-edition-2027\/\" type=\"page\" id=\"10641\">Calendar Edition<\/a>, als limitierte <a href=\"https:\/\/slauschek.photography\/cms\/between-breaths\/fine-art-prints\/\" type=\"page\" id=\"10650\">Fine Art Prints<\/a> und in <a href=\"https:\/\/slauschek.photography\/cms\/between-breaths\/exhibitions-events\/\" type=\"page\" id=\"10659\">Ausstellungen<\/a>.<\/p>\n\n\n\n<hr class=\"wp-block-separator has-alpha-channel-opacity is-style-wide\"\/>\n\n\n\n<h5 class=\"wp-block-heading\" id=\"blackwhite\"><strong>Black &amp; White \u2013 Methode, nicht Look<\/strong><\/h5>\n\n\n\n<p>Schwarzwei\u00df ist in dieser Arbeit keine Nostalgie und kein Stilmittel, sondern eine bewusste fotografische Entscheidung.<br>Farbe ist eine starke Informationsebene.<br>Sie kann Atmosph\u00e4re erzeugen \u2013 aber sie kann auch zu schnell erkl\u00e4ren.<br>Black &amp; White reduziert die visuelle Welt auf das Wesentliche.<br><br>Ohne Farbe bleiben die Grundelemente, die ein Bild tragen:<\/p>\n\n\n\n<ul class=\"wp-block-list\">\n<li>Licht als eigentlicher Bildinhalt<\/li>\n\n\n\n<li>Schatten als Raum und Spannung<\/li>\n\n\n\n<li>Tonwerte als Tiefe und Struktur<\/li>\n\n\n\n<li>Form als Ordnung<\/li>\n\n\n\n<li>Kontrast als Energie<\/li>\n\n\n\n<li>Gewicht als visuelle und emotionale Schwerkraft<\/li>\n<\/ul>\n\n\n\n<p>Gerade dieses \u201eGewicht\u201c ist entscheidend \u2013 das, was den Blick h\u00e4lt und nachklingt.<br>Black &amp; White ist hier Methode, nicht Look.<\/p>\n\n\n\n<div style=\"height:40px\" aria-hidden=\"true\" class=\"wp-block-spacer is-style-wide\"><\/div>\n\n\n\n<div class=\"wp-block-columns is-layout-flex wp-container-core-columns-is-layout-9d6595d7 wp-block-columns-is-layout-flex\">\n<div class=\"wp-block-column is-layout-flow wp-block-column-is-layout-flow\" style=\"flex-basis:100%\">\n<div class=\"wp-block-columns is-layout-flex wp-container-core-columns-is-layout-9d6595d7 wp-block-columns-is-layout-flex\">\n<div class=\"wp-block-column is-layout-flow wp-block-column-is-layout-flow\" style=\"flex-basis:100%\">\n<div class=\"wp-block-jetpack-tiled-gallery aligncenter is-style-rectangular\"><div class=\"\"><div class=\"tiled-gallery__gallery\"><div class=\"tiled-gallery__row\"><div class=\"tiled-gallery__col\" style=\"flex-basis:24.97387%\"><figure class=\"tiled-gallery__item\"><img decoding=\"async\" srcset=\"https:\/\/i0.wp.com\/slauschek.photography\/cms\/wp-content\/uploads\/2026\/01\/UW-01167-01-011-SFXBSXT-1366x2048.jpg?strip=info&#038;w=600&#038;ssl=1 600w,https:\/\/i0.wp.com\/slauschek.photography\/cms\/wp-content\/uploads\/2026\/01\/UW-01167-01-011-SFXBSXT-1366x2048.jpg?strip=info&#038;w=900&#038;ssl=1 900w,https:\/\/i0.wp.com\/slauschek.photography\/cms\/wp-content\/uploads\/2026\/01\/UW-01167-01-011-SFXBSXT-1366x2048.jpg?strip=info&#038;w=1200&#038;ssl=1 1200w,https:\/\/i0.wp.com\/slauschek.photography\/cms\/wp-content\/uploads\/2026\/01\/UW-01167-01-011-SFXBSXT-1366x2048.jpg?strip=info&#038;w=1500&#038;ssl=1 1500w,https:\/\/i0.wp.com\/slauschek.photography\/cms\/wp-content\/uploads\/2026\/01\/UW-01167-01-011-SFXBSXT-1366x2048.jpg?strip=info&#038;w=1667&#038;ssl=1 1667w\" alt=\"\" data-height=\"2500\" data-id=\"10582\" data-link=\"https:\/\/slauschek.photography\/cms\/uw-01167-01-011-sfxbsxt\/\" data-url=\"https:\/\/slauschek.photography\/cms\/wp-content\/uploads\/2026\/01\/UW-01167-01-011-SFXBSXT-1366x2048.jpg\" data-width=\"1667\" src=\"https:\/\/i0.wp.com\/slauschek.photography\/cms\/wp-content\/uploads\/2026\/01\/UW-01167-01-011-SFXBSXT-1366x2048.jpg?ssl=1\" data-amp-layout=\"responsive\"\/><\/figure><\/div><div class=\"tiled-gallery__col\" style=\"flex-basis:25.07839%\"><figure class=\"tiled-gallery__item\"><img decoding=\"async\" srcset=\"https:\/\/i0.wp.com\/slauschek.photography\/cms\/wp-content\/uploads\/2026\/01\/UW-00760-01-131-SFX-1371x2048.jpg?strip=info&#038;w=600&#038;ssl=1 600w,https:\/\/i0.wp.com\/slauschek.photography\/cms\/wp-content\/uploads\/2026\/01\/UW-00760-01-131-SFX-1371x2048.jpg?strip=info&#038;w=900&#038;ssl=1 900w,https:\/\/i0.wp.com\/slauschek.photography\/cms\/wp-content\/uploads\/2026\/01\/UW-00760-01-131-SFX-1371x2048.jpg?strip=info&#038;w=1200&#038;ssl=1 1200w,https:\/\/i0.wp.com\/slauschek.photography\/cms\/wp-content\/uploads\/2026\/01\/UW-00760-01-131-SFX-1371x2048.jpg?strip=info&#038;w=1500&#038;ssl=1 1500w,https:\/\/i0.wp.com\/slauschek.photography\/cms\/wp-content\/uploads\/2026\/01\/UW-00760-01-131-SFX-1371x2048.jpg?strip=info&#038;w=1674&#038;ssl=1 1674w\" alt=\"\" data-height=\"2500\" data-id=\"10546\" data-link=\"https:\/\/slauschek.photography\/cms\/ch-slauschek-underwatervisions-net-2\/\" data-url=\"https:\/\/slauschek.photography\/cms\/wp-content\/uploads\/2026\/01\/UW-00760-01-131-SFX-1371x2048.jpg\" data-width=\"1674\" src=\"https:\/\/i0.wp.com\/slauschek.photography\/cms\/wp-content\/uploads\/2026\/01\/UW-00760-01-131-SFX-1371x2048.jpg?ssl=1\" data-amp-layout=\"responsive\"\/><\/figure><\/div><div class=\"tiled-gallery__col\" style=\"flex-basis:24.97387%\"><figure class=\"tiled-gallery__item\"><img decoding=\"async\" srcset=\"https:\/\/i0.wp.com\/slauschek.photography\/cms\/wp-content\/uploads\/2026\/01\/UW-01139-01-490-PSTSSFX-1366x2048.jpg?strip=info&#038;w=600&#038;ssl=1 600w,https:\/\/i0.wp.com\/slauschek.photography\/cms\/wp-content\/uploads\/2026\/01\/UW-01139-01-490-PSTSSFX-1366x2048.jpg?strip=info&#038;w=900&#038;ssl=1 900w,https:\/\/i0.wp.com\/slauschek.photography\/cms\/wp-content\/uploads\/2026\/01\/UW-01139-01-490-PSTSSFX-1366x2048.jpg?strip=info&#038;w=1200&#038;ssl=1 1200w,https:\/\/i0.wp.com\/slauschek.photography\/cms\/wp-content\/uploads\/2026\/01\/UW-01139-01-490-PSTSSFX-1366x2048.jpg?strip=info&#038;w=1500&#038;ssl=1 1500w,https:\/\/i0.wp.com\/slauschek.photography\/cms\/wp-content\/uploads\/2026\/01\/UW-01139-01-490-PSTSSFX-1366x2048.jpg?strip=info&#038;w=1667&#038;ssl=1 1667w\" alt=\"\" data-height=\"2500\" data-id=\"10575\" data-link=\"https:\/\/slauschek.photography\/cms\/uw-01139-01-490-pstssfx-2\/\" data-url=\"https:\/\/slauschek.photography\/cms\/wp-content\/uploads\/2026\/01\/UW-01139-01-490-PSTSSFX-1366x2048.jpg\" data-width=\"1667\" src=\"https:\/\/i0.wp.com\/slauschek.photography\/cms\/wp-content\/uploads\/2026\/01\/UW-01139-01-490-PSTSSFX-1366x2048.jpg?ssl=1\" data-amp-layout=\"responsive\"\/><\/figure><\/div><div class=\"tiled-gallery__col\" style=\"flex-basis:24.97387%\"><figure class=\"tiled-gallery__item\"><img decoding=\"async\" srcset=\"https:\/\/i0.wp.com\/slauschek.photography\/cms\/wp-content\/uploads\/2026\/01\/UW-01134-01-005-SFX-1366x2048.jpg?strip=info&#038;w=600&#038;ssl=1 600w,https:\/\/i0.wp.com\/slauschek.photography\/cms\/wp-content\/uploads\/2026\/01\/UW-01134-01-005-SFX-1366x2048.jpg?strip=info&#038;w=900&#038;ssl=1 900w,https:\/\/i0.wp.com\/slauschek.photography\/cms\/wp-content\/uploads\/2026\/01\/UW-01134-01-005-SFX-1366x2048.jpg?strip=info&#038;w=1200&#038;ssl=1 1200w,https:\/\/i0.wp.com\/slauschek.photography\/cms\/wp-content\/uploads\/2026\/01\/UW-01134-01-005-SFX-1366x2048.jpg?strip=info&#038;w=1500&#038;ssl=1 1500w,https:\/\/i0.wp.com\/slauschek.photography\/cms\/wp-content\/uploads\/2026\/01\/UW-01134-01-005-SFX-1366x2048.jpg?strip=info&#038;w=1667&#038;ssl=1 1667w\" alt=\"\" data-height=\"2500\" data-id=\"10567\" data-link=\"https:\/\/slauschek.photography\/cms\/uw-01134-01-005-sfx-2\/\" data-url=\"https:\/\/slauschek.photography\/cms\/wp-content\/uploads\/2026\/01\/UW-01134-01-005-SFX-1366x2048.jpg\" data-width=\"1667\" src=\"https:\/\/i0.wp.com\/slauschek.photography\/cms\/wp-content\/uploads\/2026\/01\/UW-01134-01-005-SFX-1366x2048.jpg?ssl=1\" data-amp-layout=\"responsive\"\/><\/figure><\/div><\/div><\/div><\/div><\/div>\n<\/div>\n<\/div>\n<\/div>\n<\/div>\n\n\n\n<div style=\"height:40px\" aria-hidden=\"true\" class=\"wp-block-spacer is-style-wide\"><\/div>\n\n\n\n<h5 class=\"wp-block-heading\" id=\"manifestations\"><strong>Manifestations<\/strong><\/h5>\n\n\n\n<p><em>Between Breaths<\/em> entfaltet sich in unterschiedlichen Formaten:<\/p>\n\n\n\n<p><strong><a href=\"https:\/\/slauschek.photography\/cms\/between-breaths\/calendar-edition-2027\/\" type=\"page\" id=\"10641\">Calendar Edition 2027<\/a><\/strong><br>Ein kuratierter Jahreszyklus als visuelle Komposition.<br><br><strong><a href=\"https:\/\/slauschek.photography\/cms\/between-breaths\/fine-art-prints\/\" type=\"page\" id=\"10650\">Fine Art Prints<\/a><\/strong><br>Ausgew\u00e4hlte Arbeiten erscheinen als limitierte Fine Art Prints in musealer Qualit\u00e4t.<br><br><strong><a href=\"https:\/\/slauschek.photography\/cms\/between-breaths\/exhibitions-events\/\" type=\"page\" id=\"10659\">Exhibitions &amp; Events<\/a><\/strong><br>In Ausstellungen wird der Rhythmus des Projekts r\u00e4umlich erfahrbar \u2013 als Dialog zwischen Bild, Raum und Betrachter.<br><br>Alle Formate folgen derselben Idee: Reduktion. Rhythmus. Pr\u00e4senz.<\/p>\n\n\n\n<hr class=\"wp-block-separator has-alpha-channel-opacity is-style-wide\"\/>\n\n\n\n<h5 class=\"wp-block-heading\" id=\"theartist\"><strong>The Artist<\/strong><\/h5>\n\n\n\n<p><em>Between Breaths<\/em> ist das Ergebnis einer \u00fcber viele Jahre gewachsenen fotografischen Auseinandersetzung mit der Unterwasserwelt.<br>Harald Slauschek taucht seit 1990 in marinen Lebensr\u00e4umen weltweit \u2013 darunter auch in entlegenen Regionen, fernab touristischer Routen.<br>Seit fast 30 Jahren fotografiert er unter Wasser mit einem konsequenten Anspruch an technische Pr\u00e4zision und fotografische Qualit\u00e4t.<\/p>\n\n\n<div class=\"wp-block-image\">\n<figure class=\"alignleft size-medium is-resized\"><a href=\"https:\/\/slauschek.photography\/cms\/about\/about-harald-slauschek\/\"><img loading=\"lazy\" decoding=\"async\" width=\"300\" height=\"200\" src=\"https:\/\/slauschek.photography\/cms\/wp-content\/uploads\/2023\/04\/AH180525_1098-SFX1-300x200.jpg\" alt=\"\" class=\"wp-image-9052\" style=\"width:auto;height:150px\"\/><\/a><\/figure>\n<\/div>\n\n\n<p><em>Between Breaths<\/em> b\u00fcndelt diese langj\u00e4hrige Erfahrung in einer reduzierten, verdichteten Bildsprache \u2013 gepr\u00e4gt von Rhythmus, Pr\u00e4senz und formaler Klarheit.<\/p>\n\n\n\n<p class=\"has-text-align-left\"><a href=\"https:\/\/slauschek.photography\/cms\/about\/about-harald-slauschek\/\" type=\"page\" id=\"172\">\u2192 Mehr \u00fcber Harald Slauschek<\/a><\/p>\n\n\n\n<div style=\"height:10px\" aria-hidden=\"true\" class=\"wp-block-spacer\"><\/div>\n\n\n\n<hr class=\"wp-block-separator has-alpha-channel-opacity is-style-wide\"\/>\n\n\n\n<div style=\"height:10px\" aria-hidden=\"true\" class=\"wp-block-spacer\"><\/div>\n\n\n<div class=\"wp-block-image\">\n<figure class=\"alignright size-medium is-resized\"><a href=\"https:\/\/slauschek.photography\/cms\/galleries\/between-breaths\/\"><img loading=\"lazy\" decoding=\"async\" width=\"300\" height=\"277\" src=\"https:\/\/slauschek.photography\/cms\/wp-content\/uploads\/2026\/02\/Bildschirmfoto-2026-02-20-um-10.57.13-300x277.png\" alt=\"\" class=\"wp-image-11375\" style=\"width:auto;height:180px\"\/><\/a><\/figure>\n<\/div>\n\n\n<h5 class=\"wp-block-heading\" id=\"gallery\"><strong>Gallery<\/strong><\/h5>\n\n\n\n<p>Erleben Sie <em>Between Breaths<\/em> als zusammenh\u00e4ngende Bildsequenz in der kuratierten Fotogalerie.<\/p>\n\n\n\n<p><a href=\"https:\/\/slauschek.photography\/cms\/galleries\/between-breaths\/\">\u2192 Zur Galerie <em>Between Breaths<\/em><\/a><\/p>\n\n\n\n<div style=\"height:10px\" aria-hidden=\"true\" class=\"wp-block-spacer\"><\/div>\n\n\n\n<hr class=\"wp-block-separator has-alpha-channel-opacity is-style-wide\"\/>\n\n\n\n<p class=\"has-text-align-center\"><em><strong>The sequence ends, the rhythm does not.<\/strong><\/em><\/p>\n\n\n\n<p><\/p>\n","protected":false},"excerpt":{"rendered":"","protected":false},"author":2,"featured_media":10578,"parent":10622,"menu_order":0,"comment_status":"closed","ping_status":"closed","template":"","meta":{"footnotes":""},"class_list":["post-10620","page","type-page","status-publish","has-post-thumbnail","hentry"],"yoast_head":"<!-- This site is optimized with the Yoast SEO plugin v27.6 - https:\/\/yoast.com\/product\/yoast-seo-wordpress\/ -->\n<title>Between Breaths \u2013 Project Overview - Slauschek.Photography<\/title>\n<meta name=\"robots\" content=\"index, follow, max-snippet:-1, max-image-preview:large, max-video-preview:-1\" \/>\n<link rel=\"canonical\" href=\"https:\/\/slauschek.photography\/cms\/between-breaths\/project-overview\/\" \/>\n<meta property=\"og:locale\" content=\"de_DE\" \/>\n<meta property=\"og:type\" content=\"article\" \/>\n<meta property=\"og:title\" content=\"Between Breaths \u2013 Project Overview - Slauschek.Photography\" \/>\n<meta property=\"og:url\" content=\"https:\/\/slauschek.photography\/cms\/between-breaths\/project-overview\/\" \/>\n<meta property=\"og:site_name\" content=\"Slauschek.Photography\" \/>\n<meta property=\"article:modified_time\" content=\"2026-05-07T09:25:34+00:00\" \/>\n<meta property=\"og:image\" content=\"https:\/\/slauschek.photography\/cms\/wp-content\/uploads\/2026\/01\/UW-01141-01-077-PSSFXBSXT-2048x1366.jpg\" \/>\n\t<meta property=\"og:image:width\" content=\"2048\" \/>\n\t<meta property=\"og:image:height\" content=\"1366\" \/>\n\t<meta property=\"og:image:type\" content=\"image\/jpeg\" \/>\n<meta name=\"twitter:card\" content=\"summary_large_image\" \/>\n<meta name=\"twitter:label1\" content=\"Gesch\u00e4tzte Lesezeit\" \/>\n\t<meta name=\"twitter:data1\" content=\"5\u00a0Minuten\" \/>\n<script type=\"application\/ld+json\" class=\"yoast-schema-graph\">{\"@context\":\"https:\\\/\\\/schema.org\",\"@graph\":[{\"@type\":\"WebPage\",\"@id\":\"https:\\\/\\\/slauschek.photography\\\/cms\\\/between-breaths\\\/project-overview\\\/\",\"url\":\"https:\\\/\\\/slauschek.photography\\\/cms\\\/between-breaths\\\/project-overview\\\/\",\"name\":\"Between Breaths \u2013 Project Overview - Slauschek.Photography\",\"isPartOf\":{\"@id\":\"https:\\\/\\\/slauschek.photography\\\/cms\\\/#website\"},\"primaryImageOfPage\":{\"@id\":\"https:\\\/\\\/slauschek.photography\\\/cms\\\/between-breaths\\\/project-overview\\\/#primaryimage\"},\"image\":{\"@id\":\"https:\\\/\\\/slauschek.photography\\\/cms\\\/between-breaths\\\/project-overview\\\/#primaryimage\"},\"thumbnailUrl\":\"https:\\\/\\\/slauschek.photography\\\/cms\\\/wp-content\\\/uploads\\\/2026\\\/01\\\/UW-01141-01-077-PSSFXBSXT.jpg\",\"datePublished\":\"2026-02-11T16:04:15+00:00\",\"dateModified\":\"2026-05-07T09:25:34+00:00\",\"breadcrumb\":{\"@id\":\"https:\\\/\\\/slauschek.photography\\\/cms\\\/between-breaths\\\/project-overview\\\/#breadcrumb\"},\"inLanguage\":\"de\",\"potentialAction\":[{\"@type\":\"ReadAction\",\"target\":[\"https:\\\/\\\/slauschek.photography\\\/cms\\\/between-breaths\\\/project-overview\\\/\"]}]},{\"@type\":\"ImageObject\",\"inLanguage\":\"de\",\"@id\":\"https:\\\/\\\/slauschek.photography\\\/cms\\\/between-breaths\\\/project-overview\\\/#primaryimage\",\"url\":\"https:\\\/\\\/slauschek.photography\\\/cms\\\/wp-content\\\/uploads\\\/2026\\\/01\\\/UW-01141-01-077-PSSFXBSXT.jpg\",\"contentUrl\":\"https:\\\/\\\/slauschek.photography\\\/cms\\\/wp-content\\\/uploads\\\/2026\\\/01\\\/UW-01141-01-077-PSSFXBSXT.jpg\",\"width\":2500,\"height\":1667},{\"@type\":\"BreadcrumbList\",\"@id\":\"https:\\\/\\\/slauschek.photography\\\/cms\\\/between-breaths\\\/project-overview\\\/#breadcrumb\",\"itemListElement\":[{\"@type\":\"ListItem\",\"position\":1,\"name\":\"Startseite\",\"item\":\"https:\\\/\\\/slauschek.photography\\\/cms\\\/\"},{\"@type\":\"ListItem\",\"position\":2,\"name\":\"Between Breaths\",\"item\":\"https:\\\/\\\/slauschek.photography\\\/cms\\\/between-breaths\\\/\"},{\"@type\":\"ListItem\",\"position\":3,\"name\":\"Between Breaths \u2013 Project Overview\"}]},{\"@type\":\"WebSite\",\"@id\":\"https:\\\/\\\/slauschek.photography\\\/cms\\\/#website\",\"url\":\"https:\\\/\\\/slauschek.photography\\\/cms\\\/\",\"name\":\"Slauschek.Photography\",\"description\":\"Passion meets profession!\",\"potentialAction\":[{\"@type\":\"SearchAction\",\"target\":{\"@type\":\"EntryPoint\",\"urlTemplate\":\"https:\\\/\\\/slauschek.photography\\\/cms\\\/?s={search_term_string}\"},\"query-input\":{\"@type\":\"PropertyValueSpecification\",\"valueRequired\":true,\"valueName\":\"search_term_string\"}}],\"inLanguage\":\"de\"}]}<\/script>\n<!-- \/ Yoast SEO plugin. -->","yoast_head_json":{"title":"Between Breaths \u2013 Project Overview - Slauschek.Photography","robots":{"index":"index","follow":"follow","max-snippet":"max-snippet:-1","max-image-preview":"max-image-preview:large","max-video-preview":"max-video-preview:-1"},"canonical":"https:\/\/slauschek.photography\/cms\/between-breaths\/project-overview\/","og_locale":"de_DE","og_type":"article","og_title":"Between Breaths \u2013 Project Overview - Slauschek.Photography","og_url":"https:\/\/slauschek.photography\/cms\/between-breaths\/project-overview\/","og_site_name":"Slauschek.Photography","article_modified_time":"2026-05-07T09:25:34+00:00","og_image":[{"width":2048,"height":1366,"url":"https:\/\/slauschek.photography\/cms\/wp-content\/uploads\/2026\/01\/UW-01141-01-077-PSSFXBSXT-2048x1366.jpg","type":"image\/jpeg"}],"twitter_card":"summary_large_image","twitter_misc":{"Gesch\u00e4tzte Lesezeit":"5\u00a0Minuten"},"schema":{"@context":"https:\/\/schema.org","@graph":[{"@type":"WebPage","@id":"https:\/\/slauschek.photography\/cms\/between-breaths\/project-overview\/","url":"https:\/\/slauschek.photography\/cms\/between-breaths\/project-overview\/","name":"Between Breaths \u2013 Project Overview - Slauschek.Photography","isPartOf":{"@id":"https:\/\/slauschek.photography\/cms\/#website"},"primaryImageOfPage":{"@id":"https:\/\/slauschek.photography\/cms\/between-breaths\/project-overview\/#primaryimage"},"image":{"@id":"https:\/\/slauschek.photography\/cms\/between-breaths\/project-overview\/#primaryimage"},"thumbnailUrl":"https:\/\/slauschek.photography\/cms\/wp-content\/uploads\/2026\/01\/UW-01141-01-077-PSSFXBSXT.jpg","datePublished":"2026-02-11T16:04:15+00:00","dateModified":"2026-05-07T09:25:34+00:00","breadcrumb":{"@id":"https:\/\/slauschek.photography\/cms\/between-breaths\/project-overview\/#breadcrumb"},"inLanguage":"de","potentialAction":[{"@type":"ReadAction","target":["https:\/\/slauschek.photography\/cms\/between-breaths\/project-overview\/"]}]},{"@type":"ImageObject","inLanguage":"de","@id":"https:\/\/slauschek.photography\/cms\/between-breaths\/project-overview\/#primaryimage","url":"https:\/\/slauschek.photography\/cms\/wp-content\/uploads\/2026\/01\/UW-01141-01-077-PSSFXBSXT.jpg","contentUrl":"https:\/\/slauschek.photography\/cms\/wp-content\/uploads\/2026\/01\/UW-01141-01-077-PSSFXBSXT.jpg","width":2500,"height":1667},{"@type":"BreadcrumbList","@id":"https:\/\/slauschek.photography\/cms\/between-breaths\/project-overview\/#breadcrumb","itemListElement":[{"@type":"ListItem","position":1,"name":"Startseite","item":"https:\/\/slauschek.photography\/cms\/"},{"@type":"ListItem","position":2,"name":"Between Breaths","item":"https:\/\/slauschek.photography\/cms\/between-breaths\/"},{"@type":"ListItem","position":3,"name":"Between Breaths \u2013 Project Overview"}]},{"@type":"WebSite","@id":"https:\/\/slauschek.photography\/cms\/#website","url":"https:\/\/slauschek.photography\/cms\/","name":"Slauschek.Photography","description":"Passion meets profession!","potentialAction":[{"@type":"SearchAction","target":{"@type":"EntryPoint","urlTemplate":"https:\/\/slauschek.photography\/cms\/?s={search_term_string}"},"query-input":{"@type":"PropertyValueSpecification","valueRequired":true,"valueName":"search_term_string"}}],"inLanguage":"de"}]}},"jetpack_sharing_enabled":true,"_links":{"self":[{"href":"https:\/\/slauschek.photography\/cms\/wp-json\/wp\/v2\/pages\/10620","targetHints":{"allow":["GET"]}}],"collection":[{"href":"https:\/\/slauschek.photography\/cms\/wp-json\/wp\/v2\/pages"}],"about":[{"href":"https:\/\/slauschek.photography\/cms\/wp-json\/wp\/v2\/types\/page"}],"author":[{"embeddable":true,"href":"https:\/\/slauschek.photography\/cms\/wp-json\/wp\/v2\/users\/2"}],"replies":[{"embeddable":true,"href":"https:\/\/slauschek.photography\/cms\/wp-json\/wp\/v2\/comments?post=10620"}],"version-history":[{"count":109,"href":"https:\/\/slauschek.photography\/cms\/wp-json\/wp\/v2\/pages\/10620\/revisions"}],"predecessor-version":[{"id":11862,"href":"https:\/\/slauschek.photography\/cms\/wp-json\/wp\/v2\/pages\/10620\/revisions\/11862"}],"up":[{"embeddable":true,"href":"https:\/\/slauschek.photography\/cms\/wp-json\/wp\/v2\/pages\/10622"}],"wp:featuredmedia":[{"embeddable":true,"href":"https:\/\/slauschek.photography\/cms\/wp-json\/wp\/v2\/media\/10578"}],"wp:attachment":[{"href":"https:\/\/slauschek.photography\/cms\/wp-json\/wp\/v2\/media?parent=10620"}],"curies":[{"name":"wp","href":"https:\/\/api.w.org\/{rel}","templated":true}]}}