{"id":168,"date":"2021-04-14T15:32:05","date_gmt":"2021-04-14T13:32:05","guid":{"rendered":"http:\/\/slauschek.photography\/cms\/?page_id=168"},"modified":"2024-06-19T16:13:32","modified_gmt":"2024-06-19T14:13:32","slug":"fotoshootinghinweise","status":"publish","type":"page","link":"https:\/\/slauschek.photography\/cms\/h2o-babyfotos\/fotoshootinghinweise\/","title":{"rendered":"Fotoshootinghinweise"},"content":{"rendered":"\n<p>Vor der Teilnahme an einem\u00a0Babyschwimmfotoshooting, muss das Baby an einem <strong>Babyschwimmkurs<\/strong> teilgenommen haben bzw. gerade einen besuchen.Im Rahmen dieser Babyschwimmkurse muss das Baby bereits mehrere kurze <strong>Tauchg\u00e4nge<\/strong> erfolgreich absolviert haben.Beim Fotoshooting ist im Regelfall ein <strong>ausgebildeter Babyschwimminstruktor im Wasser anwesend<\/strong>. Dieser wird das Baby an das Wasser gew\u00f6hnen und die Tauchg\u00e4nge mit dem Baby durchf\u00fchren bzw. diese \u00fcberwachen.Es gibt <strong>mehrere Fotomotivm\u00f6glichkeiten<\/strong>, es ist daher vorteilhaft, wenn alle Personen die mit dem Baby auf einem Foto abgelichtet werden sollen, beim Fotoshooting anwesend sind \ud83d\ude09 und entsprechende Bekleidung tragen:<\/p>\n\n\n\n<ul class=\"wp-block-list\">\n<li>Baby allein auf dem Foto<\/li>\n\n\n\n<li>Baby mit anderen Babys auf dem Foto<\/li>\n\n\n\n<li>Baby mit einem oder mehreren Erwachsenen auf dem Foto<\/li>\n\n\n\n<li>Baby mit anderen Babys und\u00a0mehreren Erwachsenen auf dem Foto<\/li>\n\n\n\n<li>&#8230;<\/li>\n<\/ul>\n\n\n\n<p>Zum Fotoshootingtermin, beim Baby <strong>beliebtes Spielmaterial und Kost\u00fcme, mitnehmen<\/strong>. Nat\u00fcrlich sollten diese Wasser vertragen.Babys sollten, wenn m\u00f6glich,&nbsp;keine Schwimmbrillen beim Fotoshooting tragen. Die Wirkung von ge\u00f6ffneten Augen auf einem Foto ist ganz besonders. Abgesehen davon, f\u00e4llt Babys das Offenhalten von Augen sehr leicht, sie machen es meist sogar automatisch.<strong>Tipps f\u00fcr Erwachsene<\/strong> zum Verhalten beim Fototauchgang:<\/p>\n\n\n\n<ul class=\"wp-block-list\">\n<li>Niemals unter Wasser die Luft ausblasen, das sieht leider schlecht aus und verringert oft die Freude an den Fotos. Luftblasen haben die schlechte Angewohnheit, an den ung\u00fcnstigsten Stellen sichtbar h\u00e4ngen zu bleiben, wie z.B. in den Nasenl\u00f6chern.<br>Am besten atmet man den Gro\u00dfteil (alles!?)\u00a0der Luft in den Lungen bereits vor dem Abtauchen aus. Die kurze Zeit h\u00e4lt man locker auch ohne Luft durch.<\/li>\n\n\n\n<li>&#8220;Pausbacken&#8221; auch nach dem Ausatmen der Luft vor dem Abtauchen, auf jeden Fall vermeiden. Dicke Backen machen einfach nicht schlank und senken die Freude an den Fotos. Pausbacken k\u00f6nnen eigentlich ganz einfach durch das &#8220;Z\u00e4hne zeigen&#8221; \ud83d\ude2c beim L\u00e4cheln unter Wasser vermieden werden. Es ist anatomisch unm\u00f6glich, beides gleichzeitig zu schaffen.<\/li>\n\n\n\n<li>Augen ge\u00f6ffnet halten. So schwer es auch fallen mag.<\/li>\n\n\n\n<li>Wenn es unm\u00f6glich ist dies zu tun (falls man Kontaktlinsentr\u00e4ger ist oder unm\u00f6glich die Augen unter Wasser ge\u00f6ffnet halten kann), dann auf jeden Fall eine Schwimmbrille mitbringen und verwenden.<\/li>\n\n\n\n<li>M\u00f6glichst entspannt l\u00e4cheln und nat\u00fcrlich wirken. Ein verkrampftes L\u00e4cheln erkennt man auf den meisten Fotos. Wobei es noch schlechter w\u00e4re, wenn man zu ernste Gesichtsz\u00fcge zeigen w\u00fcrde.<\/li>\n<\/ul>\n\n\n\n<p><strong>Tipps f\u00fcr Mamas, Omas, Tanten, usw.<\/strong>:<\/p>\n\n\n\n<ul class=\"wp-block-list\">\n<li>Offene Haare schauen unter Wasser meist besser aus.<\/li>\n\n\n\n<li>Wasserfeste Schminke, Mascara, usw. verwenden.<\/li>\n\n\n\n<li>(Farbenfrohen?!) Bikini bzw. Badeanzug nicht vergessen.<\/li>\n<\/ul>\n\n\n\n<p><strong>Tipps f\u00fcr Papas, Opas, Onkel, usw<\/strong>:<\/p>\n\n\n\n<ul class=\"wp-block-list\">\n<li>Auf die Rasur nicht vergessen. Ausser man m\u00f6chte bewusst unrasiert bzw. mit Bart abgelichtet werden.<\/li>\n\n\n\n<li>Badehose\/Badeshort nicht vergessen.<\/li>\n<\/ul>\n\n\n\n<p>Bitte <strong>p\u00fcnktlich zum Fotoshooting kommen<\/strong> und das Umkleiden mit einplanen. Ca. 15 Minuten vor dem Beginn des Fotoshootings sollten sich alle Beteiligten fotobereit beim Pool einfinden.<\/p>\n","protected":false},"excerpt":{"rendered":"","protected":false},"author":2,"featured_media":156,"parent":6318,"menu_order":72,"comment_status":"closed","ping_status":"closed","template":"","meta":{"jetpack_post_was_ever_published":false,"footnotes":""},"class_list":["post-168","page","type-page","status-publish","has-post-thumbnail","hentry"],"yoast_head":"<!-- This site is optimized with the Yoast SEO plugin v27.4 - https:\/\/yoast.com\/product\/yoast-seo-wordpress\/ -->\n<title>Fotoshootinghinweise - Slauschek.Photography<\/title>\n<meta name=\"robots\" content=\"index, follow, max-snippet:-1, max-image-preview:large, max-video-preview:-1\" \/>\n<link rel=\"canonical\" href=\"https:\/\/slauschek.photography\/cms\/h2o-babyfotos\/fotoshootinghinweise\/\" \/>\n<meta property=\"og:locale\" content=\"de_DE\" \/>\n<meta property=\"og:type\" content=\"article\" \/>\n<meta property=\"og:title\" content=\"Fotoshootinghinweise - Slauschek.Photography\" \/>\n<meta property=\"og:url\" content=\"https:\/\/slauschek.photography\/cms\/h2o-babyfotos\/fotoshootinghinweise\/\" \/>\n<meta property=\"og:site_name\" content=\"Slauschek.Photography\" \/>\n<meta property=\"article:modified_time\" content=\"2024-06-19T14:13:32+00:00\" \/>\n<meta property=\"og:image\" content=\"https:\/\/slauschek.photography\/cms\/wp-content\/uploads\/2021\/04\/BS-160622-097.jpg\" \/>\n\t<meta property=\"og:image:width\" content=\"2048\" \/>\n\t<meta property=\"og:image:height\" content=\"1363\" \/>\n\t<meta property=\"og:image:type\" content=\"image\/jpeg\" \/>\n<meta name=\"twitter:card\" content=\"summary_large_image\" \/>\n<meta name=\"twitter:label1\" content=\"Gesch\u00e4tzte Lesezeit\" \/>\n\t<meta name=\"twitter:data1\" content=\"3\u00a0Minuten\" \/>\n<script type=\"application\/ld+json\" class=\"yoast-schema-graph\">{\"@context\":\"https:\\\/\\\/schema.org\",\"@graph\":[{\"@type\":\"WebPage\",\"@id\":\"https:\\\/\\\/slauschek.photography\\\/cms\\\/h2o-babyfotos\\\/fotoshootinghinweise\\\/\",\"url\":\"https:\\\/\\\/slauschek.photography\\\/cms\\\/h2o-babyfotos\\\/fotoshootinghinweise\\\/\",\"name\":\"Fotoshootinghinweise - Slauschek.Photography\",\"isPartOf\":{\"@id\":\"https:\\\/\\\/slauschek.photography\\\/cms\\\/#website\"},\"primaryImageOfPage\":{\"@id\":\"https:\\\/\\\/slauschek.photography\\\/cms\\\/h2o-babyfotos\\\/fotoshootinghinweise\\\/#primaryimage\"},\"image\":{\"@id\":\"https:\\\/\\\/slauschek.photography\\\/cms\\\/h2o-babyfotos\\\/fotoshootinghinweise\\\/#primaryimage\"},\"thumbnailUrl\":\"https:\\\/\\\/slauschek.photography\\\/cms\\\/wp-content\\\/uploads\\\/2021\\\/04\\\/BS-160622-097.jpg\",\"datePublished\":\"2021-04-14T13:32:05+00:00\",\"dateModified\":\"2024-06-19T14:13:32+00:00\",\"breadcrumb\":{\"@id\":\"https:\\\/\\\/slauschek.photography\\\/cms\\\/h2o-babyfotos\\\/fotoshootinghinweise\\\/#breadcrumb\"},\"inLanguage\":\"de\",\"potentialAction\":[{\"@type\":\"ReadAction\",\"target\":[\"https:\\\/\\\/slauschek.photography\\\/cms\\\/h2o-babyfotos\\\/fotoshootinghinweise\\\/\"]}]},{\"@type\":\"ImageObject\",\"inLanguage\":\"de\",\"@id\":\"https:\\\/\\\/slauschek.photography\\\/cms\\\/h2o-babyfotos\\\/fotoshootinghinweise\\\/#primaryimage\",\"url\":\"https:\\\/\\\/slauschek.photography\\\/cms\\\/wp-content\\\/uploads\\\/2021\\\/04\\\/BS-160622-097.jpg\",\"contentUrl\":\"https:\\\/\\\/slauschek.photography\\\/cms\\\/wp-content\\\/uploads\\\/2021\\\/04\\\/BS-160622-097.jpg\",\"width\":2048,\"height\":1363},{\"@type\":\"BreadcrumbList\",\"@id\":\"https:\\\/\\\/slauschek.photography\\\/cms\\\/h2o-babyfotos\\\/fotoshootinghinweise\\\/#breadcrumb\",\"itemListElement\":[{\"@type\":\"ListItem\",\"position\":1,\"name\":\"Startseite\",\"item\":\"https:\\\/\\\/slauschek.photography\\\/cms\\\/\"},{\"@type\":\"ListItem\",\"position\":2,\"name\":\"H2O-Babyfotos\",\"item\":\"https:\\\/\\\/slauschek.photography\\\/cms\\\/h2o-babyfotos\\\/\"},{\"@type\":\"ListItem\",\"position\":3,\"name\":\"Fotoshootinghinweise\"}]},{\"@type\":\"WebSite\",\"@id\":\"https:\\\/\\\/slauschek.photography\\\/cms\\\/#website\",\"url\":\"https:\\\/\\\/slauschek.photography\\\/cms\\\/\",\"name\":\"Slauschek.Photography\",\"description\":\"Passion meets profession!\",\"potentialAction\":[{\"@type\":\"SearchAction\",\"target\":{\"@type\":\"EntryPoint\",\"urlTemplate\":\"https:\\\/\\\/slauschek.photography\\\/cms\\\/?s={search_term_string}\"},\"query-input\":{\"@type\":\"PropertyValueSpecification\",\"valueRequired\":true,\"valueName\":\"search_term_string\"}}],\"inLanguage\":\"de\"}]}<\/script>\n<!-- \/ Yoast SEO plugin. -->","yoast_head_json":{"title":"Fotoshootinghinweise - Slauschek.Photography","robots":{"index":"index","follow":"follow","max-snippet":"max-snippet:-1","max-image-preview":"max-image-preview:large","max-video-preview":"max-video-preview:-1"},"canonical":"https:\/\/slauschek.photography\/cms\/h2o-babyfotos\/fotoshootinghinweise\/","og_locale":"de_DE","og_type":"article","og_title":"Fotoshootinghinweise - Slauschek.Photography","og_url":"https:\/\/slauschek.photography\/cms\/h2o-babyfotos\/fotoshootinghinweise\/","og_site_name":"Slauschek.Photography","article_modified_time":"2024-06-19T14:13:32+00:00","og_image":[{"width":2048,"height":1363,"url":"https:\/\/slauschek.photography\/cms\/wp-content\/uploads\/2021\/04\/BS-160622-097.jpg","type":"image\/jpeg"}],"twitter_card":"summary_large_image","twitter_misc":{"Gesch\u00e4tzte Lesezeit":"3\u00a0Minuten"},"schema":{"@context":"https:\/\/schema.org","@graph":[{"@type":"WebPage","@id":"https:\/\/slauschek.photography\/cms\/h2o-babyfotos\/fotoshootinghinweise\/","url":"https:\/\/slauschek.photography\/cms\/h2o-babyfotos\/fotoshootinghinweise\/","name":"Fotoshootinghinweise - Slauschek.Photography","isPartOf":{"@id":"https:\/\/slauschek.photography\/cms\/#website"},"primaryImageOfPage":{"@id":"https:\/\/slauschek.photography\/cms\/h2o-babyfotos\/fotoshootinghinweise\/#primaryimage"},"image":{"@id":"https:\/\/slauschek.photography\/cms\/h2o-babyfotos\/fotoshootinghinweise\/#primaryimage"},"thumbnailUrl":"https:\/\/slauschek.photography\/cms\/wp-content\/uploads\/2021\/04\/BS-160622-097.jpg","datePublished":"2021-04-14T13:32:05+00:00","dateModified":"2024-06-19T14:13:32+00:00","breadcrumb":{"@id":"https:\/\/slauschek.photography\/cms\/h2o-babyfotos\/fotoshootinghinweise\/#breadcrumb"},"inLanguage":"de","potentialAction":[{"@type":"ReadAction","target":["https:\/\/slauschek.photography\/cms\/h2o-babyfotos\/fotoshootinghinweise\/"]}]},{"@type":"ImageObject","inLanguage":"de","@id":"https:\/\/slauschek.photography\/cms\/h2o-babyfotos\/fotoshootinghinweise\/#primaryimage","url":"https:\/\/slauschek.photography\/cms\/wp-content\/uploads\/2021\/04\/BS-160622-097.jpg","contentUrl":"https:\/\/slauschek.photography\/cms\/wp-content\/uploads\/2021\/04\/BS-160622-097.jpg","width":2048,"height":1363},{"@type":"BreadcrumbList","@id":"https:\/\/slauschek.photography\/cms\/h2o-babyfotos\/fotoshootinghinweise\/#breadcrumb","itemListElement":[{"@type":"ListItem","position":1,"name":"Startseite","item":"https:\/\/slauschek.photography\/cms\/"},{"@type":"ListItem","position":2,"name":"H2O-Babyfotos","item":"https:\/\/slauschek.photography\/cms\/h2o-babyfotos\/"},{"@type":"ListItem","position":3,"name":"Fotoshootinghinweise"}]},{"@type":"WebSite","@id":"https:\/\/slauschek.photography\/cms\/#website","url":"https:\/\/slauschek.photography\/cms\/","name":"Slauschek.Photography","description":"Passion meets profession!","potentialAction":[{"@type":"SearchAction","target":{"@type":"EntryPoint","urlTemplate":"https:\/\/slauschek.photography\/cms\/?s={search_term_string}"},"query-input":{"@type":"PropertyValueSpecification","valueRequired":true,"valueName":"search_term_string"}}],"inLanguage":"de"}]}},"jetpack_sharing_enabled":true,"_links":{"self":[{"href":"https:\/\/slauschek.photography\/cms\/wp-json\/wp\/v2\/pages\/168","targetHints":{"allow":["GET"]}}],"collection":[{"href":"https:\/\/slauschek.photography\/cms\/wp-json\/wp\/v2\/pages"}],"about":[{"href":"https:\/\/slauschek.photography\/cms\/wp-json\/wp\/v2\/types\/page"}],"author":[{"embeddable":true,"href":"https:\/\/slauschek.photography\/cms\/wp-json\/wp\/v2\/users\/2"}],"replies":[{"embeddable":true,"href":"https:\/\/slauschek.photography\/cms\/wp-json\/wp\/v2\/comments?post=168"}],"version-history":[{"count":6,"href":"https:\/\/slauschek.photography\/cms\/wp-json\/wp\/v2\/pages\/168\/revisions"}],"predecessor-version":[{"id":9740,"href":"https:\/\/slauschek.photography\/cms\/wp-json\/wp\/v2\/pages\/168\/revisions\/9740"}],"up":[{"embeddable":true,"href":"https:\/\/slauschek.photography\/cms\/wp-json\/wp\/v2\/pages\/6318"}],"wp:featuredmedia":[{"embeddable":true,"href":"https:\/\/slauschek.photography\/cms\/wp-json\/wp\/v2\/media\/156"}],"wp:attachment":[{"href":"https:\/\/slauschek.photography\/cms\/wp-json\/wp\/v2\/media?parent=168"}],"curies":[{"name":"wp","href":"https:\/\/api.w.org\/{rel}","templated":true}]}}