{"id":47,"date":"2021-04-13T16:00:14","date_gmt":"2021-04-13T14:00:14","guid":{"rendered":"http:\/\/slauschek.photography\/cms\/?page_id=47"},"modified":"2025-01-03T17:18:12","modified_gmt":"2025-01-03T16:18:12","slug":"h2o-bf-home","status":"publish","type":"page","link":"https:\/\/slauschek.photography\/cms\/h2o-babyfotos\/h2o-bf-home\/","title":{"rendered":"H2O-Babyfotos &#8211; HOME"},"content":{"rendered":"<div class=\"wp-block-image\">\n<figure class=\"alignright size-medium is-resized\"><a href=\"https:\/\/slauschek.photography\/cms\/gallerycat\/babys-kids\/\"><img loading=\"lazy\" decoding=\"async\" width=\"294\" height=\"300\" src=\"https:\/\/slauschek.photography\/cms\/wp-content\/uploads\/2021\/04\/H2O-Babyfotos-Logo_800px-294x300.png\" alt=\"\" class=\"wp-image-7832\" style=\"width:300px\" title=\"Zur H2O-Babyfotogalerie...\"\/><\/a><figcaption class=\"wp-element-caption\"><a href=\"https:\/\/slauschek.photography\/cms\/gallerycat\/babys-kids\/\">Zu den Beispielbildern der H2O-Babyfotogalerie\u2026<\/a><\/figcaption><\/figure>\n<\/div>\n\n\n<h4 class=\"wp-block-heading has-medium-font-size\"><strong>Herzlich willkommen!<\/strong><\/h4>\n\n\n\n<p>Traumhafte und au\u00dfergew\u00f6hnliche Bilder Ihrer kleinen Lieblinge unter Wasser, sind eine ganz besondere, bleibende Erinnerung!<\/p>\n\n\n\n<p>Fotos beim Babyschwimmen (insbesondere beim Babytauchen) sind <strong>Momentaufnahmen und meist nie mehr wiederholbar<\/strong>. Lassen Sie daher diese einmalige Chance nicht ungen\u00fctzt verstreichen.<\/p>\n\n\n\n<p>Als kleinen Gustohappen, hier ein paar <strong>Beispielbilder<\/strong> die bei unseren <strong>Babyschwimmfotoshootings<\/strong> entstanden sind: <a href=\"https:\/\/slauschek.photography\/cms\/gallerycat\/babys-kids\/\"><strong>Zur H2O-Babyfotogalerie&#8230;<\/strong><\/a><\/p>\n\n\n\n<p>Es gibt <strong>mehrere M\u00f6glichkeiten<\/strong> um Ihre kleinen Lieblinge unter Wasser fotografieren zu lassen. Die <strong>Fotoshootingsession<\/strong> im Rahmen des eigenen Babyschwimmkurses und auf <a title=\"Photoshoots \u2013 Anfrageformular\" href=\"https:\/\/slauschek.photography\/cms\/photoshoots-anfrageformular\/\"><strong>Anfrage <\/strong><\/a>auch das <strong>VIP-Gruppenfotoshooting<\/strong> (max. 5 Babys im Rahmen einer individuell vereinbarten Privatstunde) sowie das ganz private <strong>VIP-Fotoshooting<\/strong> (1-2 Babys im Rahmen einer individuell vereinbarten Privatstunde).<br><a href=\"https:\/\/slauschek.photography\/cms\/photoshoots-anfrageformular\/\"><strong>Anfragen dazu bitte hier&#8230;<\/strong><\/a><\/p>\n\n\n\n<p>Wenn Sie <strong>Fotos<\/strong> die bei unseren Fotoshootingterminen gemacht wurden <strong>anschauen bzw. bestellen<\/strong> m\u00f6chten, dann k\u00f6nnen Sie das gerne \u00fcber unseren <a title=\"Fotobestellungen\" href=\"https:\/\/slauschek.photography\/cms\/h2o-babyfotos\/h2o-bf-fotobestellungen\/\"><strong>ONLINE-Shop<\/strong><\/a> machen.<\/p>\n\n\n\n<div class=\"wp-block-buttons is-content-justification-left is-layout-flex wp-container-core-buttons-is-layout-497c4cc1 wp-block-buttons-is-layout-flex\">\n<div class=\"wp-block-button is-style-fill\"><a class=\"wp-block-button__link has-background wp-element-button\" href=\"https:\/\/slauschek.photography\/cms\/h2o-babyfotos\/h2o-bf-fotobestellungen\/\" style=\"background:radial-gradient(rgb(254,205,165) 0%,rgb(254,45,45) 50%,rgb(107,0,62) 100%)\"><strong><mark style=\"background-color:rgba(0, 0, 0, 0)\" class=\"has-inline-color has-white-color\">Foto(s) bestellen? Hier klicken&#8230;<\/mark><\/strong><\/a><\/div>\n<\/div>\n\n\n\n<p><strong><span class=\"has-inline-color has-vivid-cyan-blue-color\">Alle wichtigen Informationen<\/span><\/strong> zum Babyschwimmen, zu den Voraussetzungen der Babys\/Kleinkinder f\u00fcr die Unterwasserfotoshootings, zu den Fotobestellungen usw., <strong><span class=\"has-inline-color has-vivid-cyan-blue-color\">entnehmen Sie bitte den Untermen\u00fcpunkten zum obigen Men\u00fc &#8220;H2O-BABYFOTOS&#8221;<\/span><\/strong>&#8230;<\/p>\n\n\n\n<h5 class=\"wp-block-heading\"><strong>Neue Kooperationen mit Schwimmschulen m\u00f6glich!<\/strong><\/h5>\n\n\n<div class=\"wp-block-image is-style-default\">\n<figure class=\"alignright size-full is-resized\"><a href=\"https:\/\/slauschek.photography\/cms\/h2o-babyfotos\/h2o-bf-neue-kooperationen\/\"><img loading=\"lazy\" decoding=\"async\" width=\"1500\" height=\"1000\" src=\"https:\/\/slauschek.photography\/cms\/wp-content\/uploads\/2023\/09\/BS-20230709-OW-504.jpg\" alt=\"\" class=\"wp-image-9238\" style=\"width:300px\"\/><\/a><\/figure>\n<\/div>\n\n\n<p>Auch bei <strong>Deinen Babyschwimm- und Kleinkinderschwimmkursen<\/strong> besteht die M\u00f6glichkeit, <strong>Fotos unter sowie \u00fcber Wasser in Profiqualit\u00e4t<\/strong> machen zu lassen! <a href=\"https:\/\/slauschek.photography\/cms\/h2o-babyfotos\/h2o-bf-neue-kooperationen\/\"><strong>Details dazu gibt es hier&#8230;<\/strong><\/a><\/p>\n","protected":false},"excerpt":{"rendered":"","protected":false},"author":2,"featured_media":8302,"parent":6318,"menu_order":39,"comment_status":"closed","ping_status":"closed","template":"","meta":{"jetpack_post_was_ever_published":false,"footnotes":""},"class_list":["post-47","page","type-page","status-publish","has-post-thumbnail","hentry"],"yoast_head":"<!-- This site is optimized with the Yoast SEO plugin v27.4 - https:\/\/yoast.com\/product\/yoast-seo-wordpress\/ -->\n<title>H2O-Babyfotos - HOME - Slauschek.Photography<\/title>\n<meta name=\"robots\" content=\"index, follow, max-snippet:-1, max-image-preview:large, max-video-preview:-1\" \/>\n<link rel=\"canonical\" href=\"https:\/\/slauschek.photography\/cms\/h2o-babyfotos\/h2o-bf-home\/\" \/>\n<meta property=\"og:locale\" content=\"de_DE\" \/>\n<meta property=\"og:type\" content=\"article\" \/>\n<meta property=\"og:title\" content=\"H2O-Babyfotos - HOME - Slauschek.Photography\" \/>\n<meta property=\"og:url\" content=\"https:\/\/slauschek.photography\/cms\/h2o-babyfotos\/h2o-bf-home\/\" \/>\n<meta property=\"og:site_name\" content=\"Slauschek.Photography\" \/>\n<meta property=\"article:modified_time\" content=\"2025-01-03T16:18:12+00:00\" \/>\n<meta property=\"og:image\" content=\"https:\/\/slauschek.photography\/cms\/wp-content\/uploads\/2021\/05\/BS-200817-057-PSPCL-mit-Logo.jpg\" \/>\n\t<meta property=\"og:image:width\" content=\"2048\" \/>\n\t<meta property=\"og:image:height\" content=\"1365\" \/>\n\t<meta property=\"og:image:type\" content=\"image\/jpeg\" \/>\n<meta name=\"twitter:card\" content=\"summary_large_image\" \/>\n<meta name=\"twitter:label1\" content=\"Gesch\u00e4tzte Lesezeit\" \/>\n\t<meta name=\"twitter:data1\" content=\"2\u00a0Minuten\" \/>\n<script type=\"application\/ld+json\" class=\"yoast-schema-graph\">{\"@context\":\"https:\\\/\\\/schema.org\",\"@graph\":[{\"@type\":\"WebPage\",\"@id\":\"https:\\\/\\\/slauschek.photography\\\/cms\\\/h2o-babyfotos\\\/h2o-bf-home\\\/\",\"url\":\"https:\\\/\\\/slauschek.photography\\\/cms\\\/h2o-babyfotos\\\/h2o-bf-home\\\/\",\"name\":\"H2O-Babyfotos - HOME - Slauschek.Photography\",\"isPartOf\":{\"@id\":\"https:\\\/\\\/slauschek.photography\\\/cms\\\/#website\"},\"primaryImageOfPage\":{\"@id\":\"https:\\\/\\\/slauschek.photography\\\/cms\\\/h2o-babyfotos\\\/h2o-bf-home\\\/#primaryimage\"},\"image\":{\"@id\":\"https:\\\/\\\/slauschek.photography\\\/cms\\\/h2o-babyfotos\\\/h2o-bf-home\\\/#primaryimage\"},\"thumbnailUrl\":\"https:\\\/\\\/slauschek.photography\\\/cms\\\/wp-content\\\/uploads\\\/2021\\\/05\\\/BS-200817-057-PSPCL-mit-Logo.jpg\",\"datePublished\":\"2021-04-13T14:00:14+00:00\",\"dateModified\":\"2025-01-03T16:18:12+00:00\",\"breadcrumb\":{\"@id\":\"https:\\\/\\\/slauschek.photography\\\/cms\\\/h2o-babyfotos\\\/h2o-bf-home\\\/#breadcrumb\"},\"inLanguage\":\"de\",\"potentialAction\":[{\"@type\":\"ReadAction\",\"target\":[\"https:\\\/\\\/slauschek.photography\\\/cms\\\/h2o-babyfotos\\\/h2o-bf-home\\\/\"]}]},{\"@type\":\"ImageObject\",\"inLanguage\":\"de\",\"@id\":\"https:\\\/\\\/slauschek.photography\\\/cms\\\/h2o-babyfotos\\\/h2o-bf-home\\\/#primaryimage\",\"url\":\"https:\\\/\\\/slauschek.photography\\\/cms\\\/wp-content\\\/uploads\\\/2021\\\/05\\\/BS-200817-057-PSPCL-mit-Logo.jpg\",\"contentUrl\":\"https:\\\/\\\/slauschek.photography\\\/cms\\\/wp-content\\\/uploads\\\/2021\\\/05\\\/BS-200817-057-PSPCL-mit-Logo.jpg\",\"width\":2048,\"height\":1365},{\"@type\":\"BreadcrumbList\",\"@id\":\"https:\\\/\\\/slauschek.photography\\\/cms\\\/h2o-babyfotos\\\/h2o-bf-home\\\/#breadcrumb\",\"itemListElement\":[{\"@type\":\"ListItem\",\"position\":1,\"name\":\"Startseite\",\"item\":\"https:\\\/\\\/slauschek.photography\\\/cms\\\/\"},{\"@type\":\"ListItem\",\"position\":2,\"name\":\"H2O-Babyfotos\",\"item\":\"https:\\\/\\\/slauschek.photography\\\/cms\\\/h2o-babyfotos\\\/\"},{\"@type\":\"ListItem\",\"position\":3,\"name\":\"H2O-Babyfotos &#8211; HOME\"}]},{\"@type\":\"WebSite\",\"@id\":\"https:\\\/\\\/slauschek.photography\\\/cms\\\/#website\",\"url\":\"https:\\\/\\\/slauschek.photography\\\/cms\\\/\",\"name\":\"Slauschek.Photography\",\"description\":\"Passion meets profession!\",\"potentialAction\":[{\"@type\":\"SearchAction\",\"target\":{\"@type\":\"EntryPoint\",\"urlTemplate\":\"https:\\\/\\\/slauschek.photography\\\/cms\\\/?s={search_term_string}\"},\"query-input\":{\"@type\":\"PropertyValueSpecification\",\"valueRequired\":true,\"valueName\":\"search_term_string\"}}],\"inLanguage\":\"de\"}]}<\/script>\n<!-- \/ Yoast SEO plugin. -->","yoast_head_json":{"title":"H2O-Babyfotos - HOME - Slauschek.Photography","robots":{"index":"index","follow":"follow","max-snippet":"max-snippet:-1","max-image-preview":"max-image-preview:large","max-video-preview":"max-video-preview:-1"},"canonical":"https:\/\/slauschek.photography\/cms\/h2o-babyfotos\/h2o-bf-home\/","og_locale":"de_DE","og_type":"article","og_title":"H2O-Babyfotos - HOME - Slauschek.Photography","og_url":"https:\/\/slauschek.photography\/cms\/h2o-babyfotos\/h2o-bf-home\/","og_site_name":"Slauschek.Photography","article_modified_time":"2025-01-03T16:18:12+00:00","og_image":[{"width":2048,"height":1365,"url":"https:\/\/slauschek.photography\/cms\/wp-content\/uploads\/2021\/05\/BS-200817-057-PSPCL-mit-Logo.jpg","type":"image\/jpeg"}],"twitter_card":"summary_large_image","twitter_misc":{"Gesch\u00e4tzte Lesezeit":"2\u00a0Minuten"},"schema":{"@context":"https:\/\/schema.org","@graph":[{"@type":"WebPage","@id":"https:\/\/slauschek.photography\/cms\/h2o-babyfotos\/h2o-bf-home\/","url":"https:\/\/slauschek.photography\/cms\/h2o-babyfotos\/h2o-bf-home\/","name":"H2O-Babyfotos - HOME - Slauschek.Photography","isPartOf":{"@id":"https:\/\/slauschek.photography\/cms\/#website"},"primaryImageOfPage":{"@id":"https:\/\/slauschek.photography\/cms\/h2o-babyfotos\/h2o-bf-home\/#primaryimage"},"image":{"@id":"https:\/\/slauschek.photography\/cms\/h2o-babyfotos\/h2o-bf-home\/#primaryimage"},"thumbnailUrl":"https:\/\/slauschek.photography\/cms\/wp-content\/uploads\/2021\/05\/BS-200817-057-PSPCL-mit-Logo.jpg","datePublished":"2021-04-13T14:00:14+00:00","dateModified":"2025-01-03T16:18:12+00:00","breadcrumb":{"@id":"https:\/\/slauschek.photography\/cms\/h2o-babyfotos\/h2o-bf-home\/#breadcrumb"},"inLanguage":"de","potentialAction":[{"@type":"ReadAction","target":["https:\/\/slauschek.photography\/cms\/h2o-babyfotos\/h2o-bf-home\/"]}]},{"@type":"ImageObject","inLanguage":"de","@id":"https:\/\/slauschek.photography\/cms\/h2o-babyfotos\/h2o-bf-home\/#primaryimage","url":"https:\/\/slauschek.photography\/cms\/wp-content\/uploads\/2021\/05\/BS-200817-057-PSPCL-mit-Logo.jpg","contentUrl":"https:\/\/slauschek.photography\/cms\/wp-content\/uploads\/2021\/05\/BS-200817-057-PSPCL-mit-Logo.jpg","width":2048,"height":1365},{"@type":"BreadcrumbList","@id":"https:\/\/slauschek.photography\/cms\/h2o-babyfotos\/h2o-bf-home\/#breadcrumb","itemListElement":[{"@type":"ListItem","position":1,"name":"Startseite","item":"https:\/\/slauschek.photography\/cms\/"},{"@type":"ListItem","position":2,"name":"H2O-Babyfotos","item":"https:\/\/slauschek.photography\/cms\/h2o-babyfotos\/"},{"@type":"ListItem","position":3,"name":"H2O-Babyfotos &#8211; HOME"}]},{"@type":"WebSite","@id":"https:\/\/slauschek.photography\/cms\/#website","url":"https:\/\/slauschek.photography\/cms\/","name":"Slauschek.Photography","description":"Passion meets profession!","potentialAction":[{"@type":"SearchAction","target":{"@type":"EntryPoint","urlTemplate":"https:\/\/slauschek.photography\/cms\/?s={search_term_string}"},"query-input":{"@type":"PropertyValueSpecification","valueRequired":true,"valueName":"search_term_string"}}],"inLanguage":"de"}]}},"jetpack_sharing_enabled":true,"_links":{"self":[{"href":"https:\/\/slauschek.photography\/cms\/wp-json\/wp\/v2\/pages\/47","targetHints":{"allow":["GET"]}}],"collection":[{"href":"https:\/\/slauschek.photography\/cms\/wp-json\/wp\/v2\/pages"}],"about":[{"href":"https:\/\/slauschek.photography\/cms\/wp-json\/wp\/v2\/types\/page"}],"author":[{"embeddable":true,"href":"https:\/\/slauschek.photography\/cms\/wp-json\/wp\/v2\/users\/2"}],"replies":[{"embeddable":true,"href":"https:\/\/slauschek.photography\/cms\/wp-json\/wp\/v2\/comments?post=47"}],"version-history":[{"count":57,"href":"https:\/\/slauschek.photography\/cms\/wp-json\/wp\/v2\/pages\/47\/revisions"}],"predecessor-version":[{"id":10001,"href":"https:\/\/slauschek.photography\/cms\/wp-json\/wp\/v2\/pages\/47\/revisions\/10001"}],"up":[{"embeddable":true,"href":"https:\/\/slauschek.photography\/cms\/wp-json\/wp\/v2\/pages\/6318"}],"wp:featuredmedia":[{"embeddable":true,"href":"https:\/\/slauschek.photography\/cms\/wp-json\/wp\/v2\/media\/8302"}],"wp:attachment":[{"href":"https:\/\/slauschek.photography\/cms\/wp-json\/wp\/v2\/media?parent=47"}],"curies":[{"name":"wp","href":"https:\/\/api.w.org\/{rel}","templated":true}]}}