{"id":5776,"date":"2021-04-15T13:58:33","date_gmt":"2021-04-15T11:58:33","guid":{"rendered":"http:\/\/slauschek.photography\/cms\/?page_id=5776"},"modified":"2025-02-16T18:17:34","modified_gmt":"2025-02-16T17:17:34","slug":"impressum","status":"publish","type":"page","link":"https:\/\/slauschek.photography\/cms\/impressum\/","title":{"rendered":"Impressum"},"content":{"rendered":"\n<h4 class=\"wp-block-heading\">Impressum<\/h4>\n\n\n\n<p>Verantwortlicher: Harald Slauschek<br>Redaktion: Harald Slauschek<br>Grafik &amp;&nbsp;Webdesign: <a href=\"http:\/\/www.atr.at\" target=\"_blank\" rel=\"noreferrer noopener\">ATR Productions<\/a> &amp; <a href=\"http:\/\/www.itl-net.at\" target=\"_blank\" rel=\"noreferrer noopener\">IT-L\u00f6sungen Schick<\/a><\/p>\n\n\n\n<p><strong>Slauschek.Photography<\/strong><br>Harald Slauschek<br>Franz-Grillparzer-Gasse 5<br>A-2345 Brunn\/Geb. &#8211; Austria\/Europe<\/p>\n\n\n\n<p>Fon: +43-2236-377 419<br>Fax: +43-2236-377 419-88<br>Mobile: +43-699-116 16 014<\/p>\n\n\n\n<p>Web: <a href=\"https:\/\/slauschek.photograpy\" target=\"_blank\" rel=\"noreferrer noopener\">slauschek.photography<\/a><br>eMail: <a href=\"&#109;&#x61;&#105;&#x6c;&#116;&#x6f;:&#x69;n&#102;&#x6f;&#64;&#x73;&#108;&#x61;u&#x73;c&#104;&#x65;&#107;&#x2e;&#112;&#x68;&#111;&#x74;o&#x67;r&#97;&#x70;&#104;&#x79;\">&#x69;&#x6e;&#x66;&#x6f;&#x40;&#x73;&#x6c;&#x61;&#x75;&#x73;&#x63;&#x68;&#x65;&#x6b;&#x2e;&#x70;&#x68;&#x6f;&#x74;&#x6f;&#x67;&#x72;&#x61;&#x70;&#x68;&#x79;<\/a><\/p>\n\n\n\n<p>Umsatzsteueridentnummer (UID-Nummer):<br>ATU 17348305<\/p>\n\n\n\n<p><strong>Datenschutz<br><\/strong>Im Sinne der Informationspflicht der Europ\u00e4ischen Datenschutzgrundverordnung (DSGVO) haben wir unsere <a href=\"https:\/\/slauschek.photography\/cms\/datenschutzerklaerung\/\" title=\"Datenschutzerkl\u00e4rung\">Datenschutzerkl\u00e4rung<\/a> auf unserer Homepage ver\u00f6ffentlicht. Wir ersuchen um Beachtung!<\/p>\n\n\n\n<p><a href=\"http:\/\/www.wkoecg.at\/Web\/Ecg.aspx?FirmaID=c8d5619a-0dfd-486a-9be9-64be03ab3fcc\" target=\"_blank\" rel=\"noreferrer noopener\">Informationspflicht laut ECG und Mediengesetz<\/a><\/p>\n\n\n\n<figure class=\"wp-block-image\"><a href=\"http:\/\/www.wkoecg.at\/Web\/Ecg.aspx?FirmaID=c8d5619a-0dfd-486a-9be9-64be03ab3fcc\" target=\"_blank\" rel=\"noreferrer noopener\"><img decoding=\"async\" src=\"http:\/\/www.wkoecg.at\/Web\/Library\/img\/ecg.gif\" alt=\"Informationen zu E-Commerce und Mediengesetz\"\/><\/a><\/figure>\n\n\n\n<p><strong>Beh\u00f6rde gem\u00e4\u00df ECG<\/strong><br>Bezirkshauptmannschaft M\u00f6dling<\/p>\n","protected":false},"excerpt":{"rendered":"","protected":false},"author":2,"featured_media":0,"parent":0,"menu_order":34,"comment_status":"closed","ping_status":"closed","template":"","meta":{"jetpack_post_was_ever_published":false,"footnotes":""},"class_list":["post-5776","page","type-page","status-publish","hentry"],"yoast_head":"<!-- This site is optimized with the Yoast SEO plugin v27.4 - https:\/\/yoast.com\/product\/yoast-seo-wordpress\/ -->\n<title>Impressum - Slauschek.Photography<\/title>\n<meta name=\"robots\" content=\"index, follow, max-snippet:-1, max-image-preview:large, max-video-preview:-1\" \/>\n<link rel=\"canonical\" href=\"https:\/\/slauschek.photography\/cms\/impressum\/\" \/>\n<meta property=\"og:locale\" content=\"de_DE\" \/>\n<meta property=\"og:type\" content=\"article\" \/>\n<meta property=\"og:title\" content=\"Impressum - Slauschek.Photography\" \/>\n<meta property=\"og:url\" content=\"https:\/\/slauschek.photography\/cms\/impressum\/\" \/>\n<meta property=\"og:site_name\" content=\"Slauschek.Photography\" \/>\n<meta property=\"article:modified_time\" content=\"2025-02-16T17:17:34+00:00\" \/>\n<meta property=\"og:image\" content=\"http:\/\/www.wkoecg.at\/Web\/Library\/img\/ecg.gif\" \/>\n<meta name=\"twitter:card\" content=\"summary_large_image\" \/>\n<meta name=\"twitter:label1\" content=\"Gesch\u00e4tzte Lesezeit\" \/>\n\t<meta name=\"twitter:data1\" content=\"1\u00a0Minute\" \/>\n<script type=\"application\/ld+json\" class=\"yoast-schema-graph\">{\"@context\":\"https:\\\/\\\/schema.org\",\"@graph\":[{\"@type\":\"WebPage\",\"@id\":\"https:\\\/\\\/slauschek.photography\\\/cms\\\/impressum\\\/\",\"url\":\"https:\\\/\\\/slauschek.photography\\\/cms\\\/impressum\\\/\",\"name\":\"Impressum - Slauschek.Photography\",\"isPartOf\":{\"@id\":\"https:\\\/\\\/slauschek.photography\\\/cms\\\/#website\"},\"primaryImageOfPage\":{\"@id\":\"https:\\\/\\\/slauschek.photography\\\/cms\\\/impressum\\\/#primaryimage\"},\"image\":{\"@id\":\"https:\\\/\\\/slauschek.photography\\\/cms\\\/impressum\\\/#primaryimage\"},\"thumbnailUrl\":\"http:\\\/\\\/www.wkoecg.at\\\/Web\\\/Library\\\/img\\\/ecg.gif\",\"datePublished\":\"2021-04-15T11:58:33+00:00\",\"dateModified\":\"2025-02-16T17:17:34+00:00\",\"breadcrumb\":{\"@id\":\"https:\\\/\\\/slauschek.photography\\\/cms\\\/impressum\\\/#breadcrumb\"},\"inLanguage\":\"de\",\"potentialAction\":[{\"@type\":\"ReadAction\",\"target\":[\"https:\\\/\\\/slauschek.photography\\\/cms\\\/impressum\\\/\"]}]},{\"@type\":\"ImageObject\",\"inLanguage\":\"de\",\"@id\":\"https:\\\/\\\/slauschek.photography\\\/cms\\\/impressum\\\/#primaryimage\",\"url\":\"http:\\\/\\\/www.wkoecg.at\\\/Web\\\/Library\\\/img\\\/ecg.gif\",\"contentUrl\":\"http:\\\/\\\/www.wkoecg.at\\\/Web\\\/Library\\\/img\\\/ecg.gif\"},{\"@type\":\"BreadcrumbList\",\"@id\":\"https:\\\/\\\/slauschek.photography\\\/cms\\\/impressum\\\/#breadcrumb\",\"itemListElement\":[{\"@type\":\"ListItem\",\"position\":1,\"name\":\"Startseite\",\"item\":\"https:\\\/\\\/slauschek.photography\\\/cms\\\/\"},{\"@type\":\"ListItem\",\"position\":2,\"name\":\"Impressum\"}]},{\"@type\":\"WebSite\",\"@id\":\"https:\\\/\\\/slauschek.photography\\\/cms\\\/#website\",\"url\":\"https:\\\/\\\/slauschek.photography\\\/cms\\\/\",\"name\":\"Slauschek.Photography\",\"description\":\"Passion meets profession!\",\"potentialAction\":[{\"@type\":\"SearchAction\",\"target\":{\"@type\":\"EntryPoint\",\"urlTemplate\":\"https:\\\/\\\/slauschek.photography\\\/cms\\\/?s={search_term_string}\"},\"query-input\":{\"@type\":\"PropertyValueSpecification\",\"valueRequired\":true,\"valueName\":\"search_term_string\"}}],\"inLanguage\":\"de\"}]}<\/script>\n<!-- \/ Yoast SEO plugin. -->","yoast_head_json":{"title":"Impressum - Slauschek.Photography","robots":{"index":"index","follow":"follow","max-snippet":"max-snippet:-1","max-image-preview":"max-image-preview:large","max-video-preview":"max-video-preview:-1"},"canonical":"https:\/\/slauschek.photography\/cms\/impressum\/","og_locale":"de_DE","og_type":"article","og_title":"Impressum - Slauschek.Photography","og_url":"https:\/\/slauschek.photography\/cms\/impressum\/","og_site_name":"Slauschek.Photography","article_modified_time":"2025-02-16T17:17:34+00:00","og_image":[{"url":"http:\/\/www.wkoecg.at\/Web\/Library\/img\/ecg.gif","type":"","width":"","height":""}],"twitter_card":"summary_large_image","twitter_misc":{"Gesch\u00e4tzte Lesezeit":"1\u00a0Minute"},"schema":{"@context":"https:\/\/schema.org","@graph":[{"@type":"WebPage","@id":"https:\/\/slauschek.photography\/cms\/impressum\/","url":"https:\/\/slauschek.photography\/cms\/impressum\/","name":"Impressum - Slauschek.Photography","isPartOf":{"@id":"https:\/\/slauschek.photography\/cms\/#website"},"primaryImageOfPage":{"@id":"https:\/\/slauschek.photography\/cms\/impressum\/#primaryimage"},"image":{"@id":"https:\/\/slauschek.photography\/cms\/impressum\/#primaryimage"},"thumbnailUrl":"http:\/\/www.wkoecg.at\/Web\/Library\/img\/ecg.gif","datePublished":"2021-04-15T11:58:33+00:00","dateModified":"2025-02-16T17:17:34+00:00","breadcrumb":{"@id":"https:\/\/slauschek.photography\/cms\/impressum\/#breadcrumb"},"inLanguage":"de","potentialAction":[{"@type":"ReadAction","target":["https:\/\/slauschek.photography\/cms\/impressum\/"]}]},{"@type":"ImageObject","inLanguage":"de","@id":"https:\/\/slauschek.photography\/cms\/impressum\/#primaryimage","url":"http:\/\/www.wkoecg.at\/Web\/Library\/img\/ecg.gif","contentUrl":"http:\/\/www.wkoecg.at\/Web\/Library\/img\/ecg.gif"},{"@type":"BreadcrumbList","@id":"https:\/\/slauschek.photography\/cms\/impressum\/#breadcrumb","itemListElement":[{"@type":"ListItem","position":1,"name":"Startseite","item":"https:\/\/slauschek.photography\/cms\/"},{"@type":"ListItem","position":2,"name":"Impressum"}]},{"@type":"WebSite","@id":"https:\/\/slauschek.photography\/cms\/#website","url":"https:\/\/slauschek.photography\/cms\/","name":"Slauschek.Photography","description":"Passion meets profession!","potentialAction":[{"@type":"SearchAction","target":{"@type":"EntryPoint","urlTemplate":"https:\/\/slauschek.photography\/cms\/?s={search_term_string}"},"query-input":{"@type":"PropertyValueSpecification","valueRequired":true,"valueName":"search_term_string"}}],"inLanguage":"de"}]}},"jetpack_sharing_enabled":true,"_links":{"self":[{"href":"https:\/\/slauschek.photography\/cms\/wp-json\/wp\/v2\/pages\/5776","targetHints":{"allow":["GET"]}}],"collection":[{"href":"https:\/\/slauschek.photography\/cms\/wp-json\/wp\/v2\/pages"}],"about":[{"href":"https:\/\/slauschek.photography\/cms\/wp-json\/wp\/v2\/types\/page"}],"author":[{"embeddable":true,"href":"https:\/\/slauschek.photography\/cms\/wp-json\/wp\/v2\/users\/2"}],"replies":[{"embeddable":true,"href":"https:\/\/slauschek.photography\/cms\/wp-json\/wp\/v2\/comments?post=5776"}],"version-history":[{"count":7,"href":"https:\/\/slauschek.photography\/cms\/wp-json\/wp\/v2\/pages\/5776\/revisions"}],"predecessor-version":[{"id":10025,"href":"https:\/\/slauschek.photography\/cms\/wp-json\/wp\/v2\/pages\/5776\/revisions\/10025"}],"wp:attachment":[{"href":"https:\/\/slauschek.photography\/cms\/wp-json\/wp\/v2\/media?parent=5776"}],"curies":[{"name":"wp","href":"https:\/\/api.w.org\/{rel}","templated":true}]}}