{"id":5806,"date":"2021-04-15T14:58:10","date_gmt":"2021-04-15T12:58:10","guid":{"rendered":"http:\/\/slauschek.photography\/cms\/?page_id=5806"},"modified":"2026-04-03T22:17:24","modified_gmt":"2026-04-03T20:17:24","slug":"about-awards","status":"publish","type":"page","link":"https:\/\/slauschek.photography\/cms\/about\/about-awards\/","title":{"rendered":"Awards 2001-2012"},"content":{"rendered":"\n<p class=\"bb-justify\">Zwischen 2001 und 2006 erzielte Harald Slauschek bei zahlreichen renommierten nationalen und internationalen Unterwasserfotowettbewerben \u00fcber 80 Top-Ten-Platzierungen sowie eine Vielzahl bedeutender Auszeichnungen, darunter auch eine Auszeichnung (\u201eHighly Commended\u201c) beim \u201eWildlife Photographer of the Year\u201c (ehemals BBC).<br><br>Nach einer mehrj\u00e4hrigen Wettbewerbspause erreichte er bei der CMAS Unterwasserfoto-Weltmeisterschaft 2011 einen 5. Platz in der K\u00f6nigsdisziplin \u201eWeitwinkel mit Taucher\u201c und verpasste einen Medaillenrang nur knapp.<br><br>2012 wurde Harald Slauschek in die \u201eHall of Fame\u201c des TSV\u00d6 (Tauchsportverband \u00d6sterreichs) aufgenommen.<br><br>Seit 2012 nimmt Harald Slauschek bewusst nicht mehr an Wettbewerben im Bereich der Unterwasserfotografie teil. Seither liegt der Fokus seiner fotografischen T\u00e4tigkeit auf ausgew\u00e4hlten Projekten sowie auf spezialisierten Fotoarbeiten unter und \u00fcber Wasser.<\/p>\n\n\n\n<hr class=\"wp-block-separator has-alpha-channel-opacity is-style-wide\"\/>\n\n\n\n<h3 class=\"wp-block-heading has-text-align-center\"><strong>17x Gold<br>10x Silber<br>11x Bronze<\/strong><\/h3>\n\n\n\n<p class=\"has-text-align-center\" style=\"font-size:15px\"><br>80+ Top-10 Platzierungen<\/p>\n\n\n\n<hr class=\"wp-block-separator has-alpha-channel-opacity is-style-wide\"\/>\n\n\n\n<h4 class=\"wp-block-heading has-text-align-center\">Auswahl bedeutender Wettbewerbsergebnisse (2001\u20132012)<\/h4>\n\n\n\n<h2 class=\"wp-block-heading has-text-align-center\" style=\"font-size:35px\">2001<\/h2>\n\n\n\n<p class=\"has-text-align-center\"><strong>Gl\u00e4serne Kamera (AUT)<\/strong><br><strong><mark style=\"background-color:rgba(0, 0, 0, 0);color:#ff6a00a6\" class=\"has-inline-color\">\u00d6sterreichischer Meister \u201eNah- und Makrofotografie\u201c<\/mark><\/strong><\/p>\n\n\n\n<p class=\"has-text-align-center\"><strong>PADI Aware Photosub (USA)<\/strong><br>Sieger \u201eDiver Down\u201c<\/p>\n\n\n\n<h2 class=\"wp-block-heading has-text-align-center\" style=\"font-size:35px\">2002<\/h2>\n\n\n\n<p class=\"has-text-align-center\"><strong>Rodale\u2019s Scuba Diving (USA)<\/strong><br>Photographer of the Week<\/p>\n\n\n\n<p class=\"has-text-align-center\"><strong>Los Angeles Underwater Photographic Society (USA)<\/strong><br>Sieger \u201eWide Angle Slides\u201c<\/p>\n\n\n\n<h2 class=\"wp-block-heading has-text-align-center\" style=\"font-size:35px\">2003<\/h2>\n\n\n\n<p class=\"has-text-align-center\"><strong>Underwater Images Photo Competition (USA)<\/strong><br>Sieger \u201eFreshwater\u201c<\/p>\n\n\n\n<p class=\"has-text-align-center\"><strong>Gl\u00e4serne Kamera (AUT)<\/strong><br>3. Platz Gesamtwertung \u00d6sterreichische Staatsmeisterschaft<br>3. Platz \u201eS\u00fc\u00dfwasser\u201c<br>3. Platz \u201eFischportrait\u201c<\/p>\n\n\n\n<p class=\"has-text-align-center\"><strong>EPIC \u2013 Environmentally aware Photographic Image Competition (USA)<\/strong><br>Sieger und 2. Platz \u201eFreshwater\/Brackish\u201c<\/p>\n\n\n\n<h2 class=\"wp-block-heading has-text-align-center\" style=\"font-size:35px\">2004<\/h2>\n\n\n\n<p class=\"has-text-align-center\"><strong>PADI Aware Photosub (USA)<\/strong><br><strong><mark style=\"background-color:rgba(0, 0, 0, 0);color:#ff6a00a6\" class=\"has-inline-color\">Grand Prize (Best of Show)<\/mark><\/strong><\/p>\n\n\n\n<p class=\"has-text-align-center\"><strong>VODAN (SLO)<\/strong><br>2. Platz \u201eFreshwater\u201c<br>3. Platz \u201eTropic\/Ambient\u201c<\/p>\n\n\n\n<p class=\"has-text-align-center\"><strong><mark style=\"background-color:rgba(0, 0, 0, 0);color:#ff6a00a6\" class=\"has-inline-color\">Wildlife Photographer of the Year (international)<\/mark><\/strong><br>Highly Commended \u201eUnderwater World\u201c (ehemals BBC)<\/p>\n\n\n\n<h2 class=\"wp-block-heading has-text-align-center\" style=\"font-size:35px\">2005<\/h2>\n\n\n\n<p class=\"has-text-align-center\"><strong>Festisub (SUI)<\/strong><br>2. Platz Gesamtwertung<\/p>\n\n\n\n<p class=\"has-text-align-center\"><strong>Scuba Diving Magazine Photo Contest (USA)<\/strong><br>1. Platz \u201eWide Angle\u201c<\/p>\n\n\n\n<p class=\"has-text-align-center\"><strong>Gl\u00e4serne Kamera (AUT)<\/strong><br>Vize-Staatsmeister<br><strong><mark style=\"background-color:rgba(0, 0, 0, 0);color:#ff6a00a6\" class=\"has-inline-color\">Sonderpreis der Jury \u201eBesondere fotografische Leistung\u201c<\/mark><\/strong><br>2 \u00d7 2. Platz \u201eS\u00fc\u00dfwasser\u201c<\/p>\n\n\n\n<p class=\"has-text-align-center\"><strong>Ford Seahorses (USA)<\/strong><br><strong><mark style=\"background-color:rgba(0, 0, 0, 0);color:#ff6a00a6\" class=\"has-inline-color\">Best of Show<\/mark><\/strong><br>Sieger \u201eUnderwater Behavior\u201c<br>Sieger und 2. Platz \u201eFreshwater\u201c<\/p>\n\n\n\n<p class=\"has-text-align-center\"><strong>PAF Tachov (CZE)<\/strong><br>3. Platz \u201eFreshwater Portfolio\u201c<\/p>\n\n\n\n<p class=\"has-text-align-center\"><strong>EPIC (USA)<\/strong><br>3. Platz \u201eSharks\u201c<\/p>\n\n\n\n<p class=\"has-text-align-center\"><strong>Open Fotosub El Hierro (ESP)<\/strong><br>Bestes UW-Landschaftsfoto<\/p>\n\n\n\n<p class=\"has-text-align-center\"><strong>GDT \u201eEurop\u00e4ischer Naturfotograf des Jahres\u201c (GER)<\/strong><br>4 \u00d7 Lobende Erw\u00e4hnung \u201eUnter Wasser\u201c<\/p>\n\n\n\n<p class=\"has-text-align-center\"><strong>VTN\u00d6 Meisterschaft (AUT)<\/strong><br>Sieger \u201eKomposition &amp; Form\u201c<br>Sieger \u201eAndere Tiere\u201c<br>2. Platz \u201eMensch &amp; Natur\u201c<\/p>\n\n\n\n<h2 class=\"wp-block-heading has-text-align-center\" style=\"font-size:35px\">2006<\/h2>\n\n\n\n<p class=\"has-text-align-center\"><strong>Messe \u201eDie Hohe Jagd &amp; Fischerei\u201c (AUT)<\/strong><br>Bestes Fisch(erei)bild des Jahres<\/p>\n\n\n\n<p class=\"has-text-align-center\"><strong>PADI Aware Bildwettbewerb (GER\/AUT\/SUI)<\/strong><br>Sieger \u201eSchildkr\u00f6ten\u201c<br>2. Platz \u201eHaie\u201c<br>2. Platz \u201eRiffe\u201c<\/p>\n\n\n\n<h2 class=\"wp-block-heading has-text-align-center\" style=\"font-size:35px\">2007\u20132010<\/h2>\n\n\n\n<p class=\"has-text-align-center\">Wettbewerbspause<\/p>\n\n\n\n<h2 class=\"wp-block-heading has-text-align-center\" style=\"font-size:35px\">2011<\/h2>\n\n\n\n<p class=\"has-text-align-center\"><strong>CMAS Unterwasserfoto-Weltmeisterschaft (TUR)<\/strong><br>5. Platz \u201eWeitwinkel mit Taucher\u201c<br>(K\u00f6nigsdisziplin der Unterwasserfotografie)<\/p>\n\n\n\n<h2 class=\"wp-block-heading has-text-align-center\" style=\"font-size:35px\">2012<\/h2>\n\n\n\n<p class=\"has-text-align-center\">Aufnahme in die \u201eHall of Fame\u201c des TSV\u00d6 (AUT)<\/p>\n\n\n\n<h2 class=\"wp-block-heading has-text-align-center\" style=\"font-size:35px\">seit 2012<\/h2>\n\n\n\n<p class=\"has-text-align-center\">Keine weitere Teilnahme an Wettbewerben im Bereich der Unterwasserfotografie.<br>Fokus auf ausgew\u00e4hlte Projekte sowie spezialisierte Fotoarbeiten unter und \u00fcber Wasser.<\/p>\n\n\n\n<hr class=\"wp-block-separator has-alpha-channel-opacity is-style-wide\"\/>\n","protected":false},"excerpt":{"rendered":"","protected":false},"author":2,"featured_media":6704,"parent":6326,"menu_order":33,"comment_status":"closed","ping_status":"closed","template":"","meta":{"jetpack_post_was_ever_published":false,"footnotes":""},"class_list":["post-5806","page","type-page","status-publish","has-post-thumbnail","hentry"],"yoast_head":"<!-- This site is optimized with the Yoast SEO plugin v27.3 - https:\/\/yoast.com\/product\/yoast-seo-wordpress\/ -->\n<title>Awards 2001-2012 - Slauschek.Photography<\/title>\n<meta name=\"robots\" content=\"index, follow, max-snippet:-1, max-image-preview:large, max-video-preview:-1\" \/>\n<link rel=\"canonical\" href=\"https:\/\/slauschek.photography\/cms\/about\/about-awards\/\" \/>\n<meta property=\"og:locale\" content=\"de_DE\" \/>\n<meta property=\"og:type\" content=\"article\" \/>\n<meta property=\"og:title\" content=\"Awards 2001-2012 - Slauschek.Photography\" \/>\n<meta property=\"og:url\" content=\"https:\/\/slauschek.photography\/cms\/about\/about-awards\/\" \/>\n<meta property=\"og:site_name\" content=\"Slauschek.Photography\" \/>\n<meta property=\"article:modified_time\" content=\"2026-04-03T20:17:24+00:00\" \/>\n<meta property=\"og:image\" content=\"https:\/\/slauschek.photography\/cms\/wp-content\/uploads\/2021\/04\/UW-00612-01-034-OPT-133.jpg\" \/>\n\t<meta property=\"og:image:width\" content=\"1500\" \/>\n\t<meta property=\"og:image:height\" content=\"1000\" \/>\n\t<meta property=\"og:image:type\" content=\"image\/jpeg\" \/>\n<meta name=\"twitter:card\" content=\"summary_large_image\" \/>\n<meta name=\"twitter:label1\" content=\"Gesch\u00e4tzte Lesezeit\" \/>\n\t<meta name=\"twitter:data1\" content=\"3\u00a0Minuten\" \/>\n<script type=\"application\/ld+json\" class=\"yoast-schema-graph\">{\"@context\":\"https:\\\/\\\/schema.org\",\"@graph\":[{\"@type\":\"WebPage\",\"@id\":\"https:\\\/\\\/slauschek.photography\\\/cms\\\/about\\\/about-awards\\\/\",\"url\":\"https:\\\/\\\/slauschek.photography\\\/cms\\\/about\\\/about-awards\\\/\",\"name\":\"Awards 2001-2012 - Slauschek.Photography\",\"isPartOf\":{\"@id\":\"https:\\\/\\\/slauschek.photography\\\/cms\\\/#website\"},\"primaryImageOfPage\":{\"@id\":\"https:\\\/\\\/slauschek.photography\\\/cms\\\/about\\\/about-awards\\\/#primaryimage\"},\"image\":{\"@id\":\"https:\\\/\\\/slauschek.photography\\\/cms\\\/about\\\/about-awards\\\/#primaryimage\"},\"thumbnailUrl\":\"https:\\\/\\\/slauschek.photography\\\/cms\\\/wp-content\\\/uploads\\\/2021\\\/04\\\/UW-00612-01-034-OPT-133.jpg\",\"datePublished\":\"2021-04-15T12:58:10+00:00\",\"dateModified\":\"2026-04-03T20:17:24+00:00\",\"breadcrumb\":{\"@id\":\"https:\\\/\\\/slauschek.photography\\\/cms\\\/about\\\/about-awards\\\/#breadcrumb\"},\"inLanguage\":\"de\",\"potentialAction\":[{\"@type\":\"ReadAction\",\"target\":[\"https:\\\/\\\/slauschek.photography\\\/cms\\\/about\\\/about-awards\\\/\"]}]},{\"@type\":\"ImageObject\",\"inLanguage\":\"de\",\"@id\":\"https:\\\/\\\/slauschek.photography\\\/cms\\\/about\\\/about-awards\\\/#primaryimage\",\"url\":\"https:\\\/\\\/slauschek.photography\\\/cms\\\/wp-content\\\/uploads\\\/2021\\\/04\\\/UW-00612-01-034-OPT-133.jpg\",\"contentUrl\":\"https:\\\/\\\/slauschek.photography\\\/cms\\\/wp-content\\\/uploads\\\/2021\\\/04\\\/UW-00612-01-034-OPT-133.jpg\",\"width\":1500,\"height\":1000},{\"@type\":\"BreadcrumbList\",\"@id\":\"https:\\\/\\\/slauschek.photography\\\/cms\\\/about\\\/about-awards\\\/#breadcrumb\",\"itemListElement\":[{\"@type\":\"ListItem\",\"position\":1,\"name\":\"Startseite\",\"item\":\"https:\\\/\\\/slauschek.photography\\\/cms\\\/\"},{\"@type\":\"ListItem\",\"position\":2,\"name\":\"About\",\"item\":\"https:\\\/\\\/slauschek.photography\\\/cms\\\/about\\\/\"},{\"@type\":\"ListItem\",\"position\":3,\"name\":\"Awards 2001-2012\"}]},{\"@type\":\"WebSite\",\"@id\":\"https:\\\/\\\/slauschek.photography\\\/cms\\\/#website\",\"url\":\"https:\\\/\\\/slauschek.photography\\\/cms\\\/\",\"name\":\"Slauschek.Photography\",\"description\":\"Passion meets profession!\",\"potentialAction\":[{\"@type\":\"SearchAction\",\"target\":{\"@type\":\"EntryPoint\",\"urlTemplate\":\"https:\\\/\\\/slauschek.photography\\\/cms\\\/?s={search_term_string}\"},\"query-input\":{\"@type\":\"PropertyValueSpecification\",\"valueRequired\":true,\"valueName\":\"search_term_string\"}}],\"inLanguage\":\"de\"}]}<\/script>\n<!-- \/ Yoast SEO plugin. -->","yoast_head_json":{"title":"Awards 2001-2012 - Slauschek.Photography","robots":{"index":"index","follow":"follow","max-snippet":"max-snippet:-1","max-image-preview":"max-image-preview:large","max-video-preview":"max-video-preview:-1"},"canonical":"https:\/\/slauschek.photography\/cms\/about\/about-awards\/","og_locale":"de_DE","og_type":"article","og_title":"Awards 2001-2012 - Slauschek.Photography","og_url":"https:\/\/slauschek.photography\/cms\/about\/about-awards\/","og_site_name":"Slauschek.Photography","article_modified_time":"2026-04-03T20:17:24+00:00","og_image":[{"width":1500,"height":1000,"url":"https:\/\/slauschek.photography\/cms\/wp-content\/uploads\/2021\/04\/UW-00612-01-034-OPT-133.jpg","type":"image\/jpeg"}],"twitter_card":"summary_large_image","twitter_misc":{"Gesch\u00e4tzte Lesezeit":"3\u00a0Minuten"},"schema":{"@context":"https:\/\/schema.org","@graph":[{"@type":"WebPage","@id":"https:\/\/slauschek.photography\/cms\/about\/about-awards\/","url":"https:\/\/slauschek.photography\/cms\/about\/about-awards\/","name":"Awards 2001-2012 - Slauschek.Photography","isPartOf":{"@id":"https:\/\/slauschek.photography\/cms\/#website"},"primaryImageOfPage":{"@id":"https:\/\/slauschek.photography\/cms\/about\/about-awards\/#primaryimage"},"image":{"@id":"https:\/\/slauschek.photography\/cms\/about\/about-awards\/#primaryimage"},"thumbnailUrl":"https:\/\/slauschek.photography\/cms\/wp-content\/uploads\/2021\/04\/UW-00612-01-034-OPT-133.jpg","datePublished":"2021-04-15T12:58:10+00:00","dateModified":"2026-04-03T20:17:24+00:00","breadcrumb":{"@id":"https:\/\/slauschek.photography\/cms\/about\/about-awards\/#breadcrumb"},"inLanguage":"de","potentialAction":[{"@type":"ReadAction","target":["https:\/\/slauschek.photography\/cms\/about\/about-awards\/"]}]},{"@type":"ImageObject","inLanguage":"de","@id":"https:\/\/slauschek.photography\/cms\/about\/about-awards\/#primaryimage","url":"https:\/\/slauschek.photography\/cms\/wp-content\/uploads\/2021\/04\/UW-00612-01-034-OPT-133.jpg","contentUrl":"https:\/\/slauschek.photography\/cms\/wp-content\/uploads\/2021\/04\/UW-00612-01-034-OPT-133.jpg","width":1500,"height":1000},{"@type":"BreadcrumbList","@id":"https:\/\/slauschek.photography\/cms\/about\/about-awards\/#breadcrumb","itemListElement":[{"@type":"ListItem","position":1,"name":"Startseite","item":"https:\/\/slauschek.photography\/cms\/"},{"@type":"ListItem","position":2,"name":"About","item":"https:\/\/slauschek.photography\/cms\/about\/"},{"@type":"ListItem","position":3,"name":"Awards 2001-2012"}]},{"@type":"WebSite","@id":"https:\/\/slauschek.photography\/cms\/#website","url":"https:\/\/slauschek.photography\/cms\/","name":"Slauschek.Photography","description":"Passion meets profession!","potentialAction":[{"@type":"SearchAction","target":{"@type":"EntryPoint","urlTemplate":"https:\/\/slauschek.photography\/cms\/?s={search_term_string}"},"query-input":{"@type":"PropertyValueSpecification","valueRequired":true,"valueName":"search_term_string"}}],"inLanguage":"de"}]}},"jetpack_sharing_enabled":true,"_links":{"self":[{"href":"https:\/\/slauschek.photography\/cms\/wp-json\/wp\/v2\/pages\/5806","targetHints":{"allow":["GET"]}}],"collection":[{"href":"https:\/\/slauschek.photography\/cms\/wp-json\/wp\/v2\/pages"}],"about":[{"href":"https:\/\/slauschek.photography\/cms\/wp-json\/wp\/v2\/types\/page"}],"author":[{"embeddable":true,"href":"https:\/\/slauschek.photography\/cms\/wp-json\/wp\/v2\/users\/2"}],"replies":[{"embeddable":true,"href":"https:\/\/slauschek.photography\/cms\/wp-json\/wp\/v2\/comments?post=5806"}],"version-history":[{"count":73,"href":"https:\/\/slauschek.photography\/cms\/wp-json\/wp\/v2\/pages\/5806\/revisions"}],"predecessor-version":[{"id":11713,"href":"https:\/\/slauschek.photography\/cms\/wp-json\/wp\/v2\/pages\/5806\/revisions\/11713"}],"up":[{"embeddable":true,"href":"https:\/\/slauschek.photography\/cms\/wp-json\/wp\/v2\/pages\/6326"}],"wp:featuredmedia":[{"embeddable":true,"href":"https:\/\/slauschek.photography\/cms\/wp-json\/wp\/v2\/media\/6704"}],"wp:attachment":[{"href":"https:\/\/slauschek.photography\/cms\/wp-json\/wp\/v2\/media?parent=5806"}],"curies":[{"name":"wp","href":"https:\/\/api.w.org\/{rel}","templated":true}]}}