{"id":6009,"date":"2021-04-16T15:41:06","date_gmt":"2021-04-16T13:41:06","guid":{"rendered":"http:\/\/slauschek.photography\/cms\/?page_id=6009"},"modified":"2021-04-17T11:07:20","modified_gmt":"2021-04-17T09:07:20","slug":"h2o-bf-infos-zum-babyschwimmen","status":"publish","type":"page","link":"https:\/\/slauschek.photography\/cms\/h2o-babyfotos\/h2o-bf-infos-zum-babyschwimmen\/","title":{"rendered":"Infos zum Babyschwimmen"},"content":{"rendered":"\n<h5 class=\"wp-block-heading\">Was ist Babyschwimmen?<\/h5>\n\n\n\n<p>Als Babyschwimmen bezeichnet man professionell organisierte Wasseraktivit\u00e4ten mit S\u00e4uglingen und Kleinkindern ca. zwischen dem 3. und dem 18. Lebensmonat.<\/p>\n\n\n\n<p>Nicht zu verwechseln ist das Babyschwimmen mit dem mancherorts angebotenen &#8220;Babyplantschen&#8221; oder \u00e4hnlichen &#8220;\u00dcbungen&#8221;, bei denen die Kinder eher weniger mit dem Wasse in Ber\u00fchrung kommen bzw. oft eher ungeplante und nicht aufeinander aufbauende Spiele\/\u00dcbungen machen.<\/p>\n\n\n\n<p>Geachtet werden sollte auf jeden Fall auch auf Babyschwimminstruktoren mit einer international anerkannten Ausbildung, in \u00d6sterreich durch den nationalen Babyschwimmverband &#8211; <a href=\"http:\/\/www.austrianbabyswim.at\/\" target=\"_blank\" rel=\"noreferrer noopener\">ABA (Austrian Babyswim Association)<\/a>. Das bedeutet meist Seriosit\u00e4t, Professionalit\u00e4t und altersentsprechende Spiele bzw. \u00dcbungen.<\/p>\n\n\n\n<h5 class=\"wp-block-heading\">Gr\u00fcnde f\u00fcr das Babyschwimmen<\/h5>\n\n\n\n<p>Regelm\u00e4\u00dfig durchgef\u00fchrtes Babyschwimmen verhilft den Kindern zu einem k\u00f6rperlichen und geistigen Entwicklungsvorsprung gegen\u00fcber Gleichaltrigen. Dies wurde bereits durch viele Studien nachgewiesen.<\/p>\n\n\n\n<p>Die positiven Auswirkungen des Wassers zeigen sich unter anderem am Herz-Kreislaufsystem, an der Lungenfunktion und am St\u00fctz- und Bewegungsapparat.<\/p>\n\n\n\n<p>Gef\u00f6rdert werden beim Babyschwimmen insbesondere&#8230;<\/p>\n\n\n\n<ul class=\"wp-block-list\"><li>&#8230;die k\u00f6rperliche Entwicklung<\/li><li>&#8230;die motorische Entwicklung<\/li><li>&#8230;die psychische Entwicklung<\/li><li>&#8230;die seelische Entwicklung<\/li><li>&#8230;die soziale Entwicklung<\/li><li>&#8230;die Wassergew\u00f6hnung<\/li><li>&#8230;die Selbstrettungsf\u00e4higkeiten<\/li><\/ul>\n\n\n\n<p>Grunds\u00e4tzlich sind die Einfl\u00fcsse des Babyschwimmens auf die Gesamtentwicklung eines gesunden Kindes sehr vielf\u00e4ltig. Aber auch f\u00fcr entwicklungsverz\u00f6gerte Kinder kann das Babyschwimmen einen hohen therapeutischen Stellenwert haben, sofern keine medizinischen Gr\u00fcnde vorliegen, die dagegen sprechen.<\/p>\n\n\n\n<p>Wichtig ist es, das Babyschwimmen nicht nur einen kurzen Zeitraum, sondern regelm\u00e4\u00dfig, \u00fcber Jahre hinweg durchzuf\u00fchren, damit sich die positiven Effekte auch dauerhaft bemerkbar machen. Dann besteht auch die M\u00f6glichkeit, dem Kind wirklich zu einem fr\u00fchen &#8220;Schwimmenk\u00f6nnen&#8221; zu verhelfen.<\/p>\n\n\n\n<h5 class=\"wp-block-heading\">Anforderungen an Wasser und Umgebung<\/h5>\n\n\n\n<p>Nat\u00fcrlich sind die Anforderungen an&nbsp;das Wasser und die Umgebung beim Babyschwimmen sehr hoch. Hier die wichtigsten Eckdaten diesbez\u00fcglich:<\/p>\n\n\n\n<ul class=\"wp-block-list\"><li><strong>Wasserqualit\u00e4t<\/strong><ul><li>In \u00d6sterreich gelten sehr strenge Auflagen in Bezug auf die Wasserqualit\u00e4t in Schwimmb\u00e4dern. Vielleicht sogar die strengsten weltweit.<br>Daher sind die gesetzlichen und somit gesundheitlichen Anforderungen an die Qualit\u00e4t des Wassers f\u00fcr Babys\/Kinder,&nbsp;nicht anders&nbsp;als f\u00fcr Erwachsene.<\/li><\/ul><\/li><li><strong>Wassertemperatur<\/strong><ul><li>Empfehlenswert ist f\u00fcr <strong>Kinder unter 6 Monaten<\/strong>, ein Temperaturbereich von <strong>32\u00b0C-34\u00b0C<\/strong>.<\/li><li>F\u00fcr <strong>fortgeschrittenere Babyschwimmer<\/strong>, reicht ein Temperaturbereich von <strong>30\u00b0C-32\u00b0C<\/strong>.<\/li><\/ul><\/li><li><strong>Raumtemperatur<\/strong><ul><li>Die Raumtemperatur sollte der Wassertemperatur angepasst sein. D.h. idealer Weise <strong>nicht mehr als 2\u00b0C darunter<\/strong> liegen.<\/li><\/ul><\/li><li><strong>Wassertiefe<\/strong><ul><li>Die Wassertiefe orientiert sich nicht an den Babys\/Kindern, sondern an den Begleitpersonen (meist die M\u00fctter)&nbsp;die beim Kurs stehen k\u00f6nnen m\u00fcssen. Sie sollte daher in einem Bereich von <strong>100cm-135cm<\/strong> liegen.<\/li><\/ul><\/li><\/ul>\n\n\n\n<h5 class=\"wp-block-heading\">Mehr Sicherheit durch Babyschwimmen<\/h5>\n\n\n\n<p>In den USA und in vielen anderen L\u00e4ndern weltweit, ist der Tod durch Ertrinken, Todesursache Nr. 1 bei den 2-5-j\u00e4hrigen Kindern. In \u00d6sterreich ist es laut diversen Berichten, die zweith\u00e4ufigste Todesursache bei Kleinkindern bis 5 Jahre!<br><br>Bei Kleinkindern ist es auff\u00e4llig, dass sich Badeunf\u00e4lle meist innerhalb weniger Sekunden ereignen und nicht nur beim Schwimmen. Auch beim Plantschen, in der Badewanne oder in Regentonnen ertrinken Kinder.<br><br><strong>In Babyschwimmkursen werden auf spielerische Art, die Selbstrettungsf\u00e4higkeiten der Kinder wesentlich gef\u00f6rdert. Bereits Babys k\u00f6nnen instinktiv das Richtige tun und somit das Schlimmste verhindern.<\/strong><\/p>\n\n\n\n<h5 class=\"wp-block-heading\">Detailliertere Infos zum Babyschwimmen<\/h5>\n\n\n\n<p>Detailliertere Informationen zum Thema Babyschwimmen erhalten Sie beim \u00f6sterreichischen Babyschwimmverband, <a href=\"http:\/\/www.austrianbabyswim.at\/\" target=\"_blank\" rel=\"noreferrer noopener\"> ABA (Austrian Babyswim Association)&#8230;<\/a><\/p>\n","protected":false},"excerpt":{"rendered":"","protected":false},"author":2,"featured_media":6091,"parent":6318,"menu_order":30,"comment_status":"closed","ping_status":"closed","template":"","meta":{"jetpack_post_was_ever_published":false,"footnotes":""},"class_list":["post-6009","page","type-page","status-publish","has-post-thumbnail","hentry"],"yoast_head":"<!-- This site is optimized with the Yoast SEO plugin v27.4 - https:\/\/yoast.com\/product\/yoast-seo-wordpress\/ -->\n<title>Infos zum Babyschwimmen - Slauschek.Photography<\/title>\n<meta name=\"robots\" content=\"index, follow, max-snippet:-1, max-image-preview:large, max-video-preview:-1\" \/>\n<link rel=\"canonical\" href=\"https:\/\/slauschek.photography\/cms\/h2o-babyfotos\/h2o-bf-infos-zum-babyschwimmen\/\" \/>\n<meta property=\"og:locale\" content=\"de_DE\" \/>\n<meta property=\"og:type\" content=\"article\" \/>\n<meta property=\"og:title\" content=\"Infos zum Babyschwimmen - Slauschek.Photography\" \/>\n<meta property=\"og:url\" content=\"https:\/\/slauschek.photography\/cms\/h2o-babyfotos\/h2o-bf-infos-zum-babyschwimmen\/\" \/>\n<meta property=\"og:site_name\" content=\"Slauschek.Photography\" \/>\n<meta property=\"article:modified_time\" content=\"2021-04-17T09:07:20+00:00\" \/>\n<meta property=\"og:image\" content=\"https:\/\/slauschek.photography\/cms\/wp-content\/uploads\/2021\/04\/BS-190601-120.jpg\" \/>\n\t<meta property=\"og:image:width\" content=\"2048\" \/>\n\t<meta property=\"og:image:height\" content=\"1365\" \/>\n\t<meta property=\"og:image:type\" content=\"image\/jpeg\" \/>\n<meta name=\"twitter:card\" content=\"summary_large_image\" \/>\n<meta name=\"twitter:label1\" content=\"Gesch\u00e4tzte Lesezeit\" \/>\n\t<meta name=\"twitter:data1\" content=\"3\u00a0Minuten\" \/>\n<script type=\"application\/ld+json\" class=\"yoast-schema-graph\">{\"@context\":\"https:\\\/\\\/schema.org\",\"@graph\":[{\"@type\":\"WebPage\",\"@id\":\"https:\\\/\\\/slauschek.photography\\\/cms\\\/h2o-babyfotos\\\/h2o-bf-infos-zum-babyschwimmen\\\/\",\"url\":\"https:\\\/\\\/slauschek.photography\\\/cms\\\/h2o-babyfotos\\\/h2o-bf-infos-zum-babyschwimmen\\\/\",\"name\":\"Infos zum Babyschwimmen - Slauschek.Photography\",\"isPartOf\":{\"@id\":\"https:\\\/\\\/slauschek.photography\\\/cms\\\/#website\"},\"primaryImageOfPage\":{\"@id\":\"https:\\\/\\\/slauschek.photography\\\/cms\\\/h2o-babyfotos\\\/h2o-bf-infos-zum-babyschwimmen\\\/#primaryimage\"},\"image\":{\"@id\":\"https:\\\/\\\/slauschek.photography\\\/cms\\\/h2o-babyfotos\\\/h2o-bf-infos-zum-babyschwimmen\\\/#primaryimage\"},\"thumbnailUrl\":\"https:\\\/\\\/slauschek.photography\\\/cms\\\/wp-content\\\/uploads\\\/2021\\\/04\\\/BS-190601-120.jpg\",\"datePublished\":\"2021-04-16T13:41:06+00:00\",\"dateModified\":\"2021-04-17T09:07:20+00:00\",\"breadcrumb\":{\"@id\":\"https:\\\/\\\/slauschek.photography\\\/cms\\\/h2o-babyfotos\\\/h2o-bf-infos-zum-babyschwimmen\\\/#breadcrumb\"},\"inLanguage\":\"de\",\"potentialAction\":[{\"@type\":\"ReadAction\",\"target\":[\"https:\\\/\\\/slauschek.photography\\\/cms\\\/h2o-babyfotos\\\/h2o-bf-infos-zum-babyschwimmen\\\/\"]}]},{\"@type\":\"ImageObject\",\"inLanguage\":\"de\",\"@id\":\"https:\\\/\\\/slauschek.photography\\\/cms\\\/h2o-babyfotos\\\/h2o-bf-infos-zum-babyschwimmen\\\/#primaryimage\",\"url\":\"https:\\\/\\\/slauschek.photography\\\/cms\\\/wp-content\\\/uploads\\\/2021\\\/04\\\/BS-190601-120.jpg\",\"contentUrl\":\"https:\\\/\\\/slauschek.photography\\\/cms\\\/wp-content\\\/uploads\\\/2021\\\/04\\\/BS-190601-120.jpg\",\"width\":2048,\"height\":1365},{\"@type\":\"BreadcrumbList\",\"@id\":\"https:\\\/\\\/slauschek.photography\\\/cms\\\/h2o-babyfotos\\\/h2o-bf-infos-zum-babyschwimmen\\\/#breadcrumb\",\"itemListElement\":[{\"@type\":\"ListItem\",\"position\":1,\"name\":\"Startseite\",\"item\":\"https:\\\/\\\/slauschek.photography\\\/cms\\\/\"},{\"@type\":\"ListItem\",\"position\":2,\"name\":\"H2O-Babyfotos\",\"item\":\"https:\\\/\\\/slauschek.photography\\\/cms\\\/h2o-babyfotos\\\/\"},{\"@type\":\"ListItem\",\"position\":3,\"name\":\"Infos zum Babyschwimmen\"}]},{\"@type\":\"WebSite\",\"@id\":\"https:\\\/\\\/slauschek.photography\\\/cms\\\/#website\",\"url\":\"https:\\\/\\\/slauschek.photography\\\/cms\\\/\",\"name\":\"Slauschek.Photography\",\"description\":\"Passion meets profession!\",\"potentialAction\":[{\"@type\":\"SearchAction\",\"target\":{\"@type\":\"EntryPoint\",\"urlTemplate\":\"https:\\\/\\\/slauschek.photography\\\/cms\\\/?s={search_term_string}\"},\"query-input\":{\"@type\":\"PropertyValueSpecification\",\"valueRequired\":true,\"valueName\":\"search_term_string\"}}],\"inLanguage\":\"de\"}]}<\/script>\n<!-- \/ Yoast SEO plugin. -->","yoast_head_json":{"title":"Infos zum Babyschwimmen - Slauschek.Photography","robots":{"index":"index","follow":"follow","max-snippet":"max-snippet:-1","max-image-preview":"max-image-preview:large","max-video-preview":"max-video-preview:-1"},"canonical":"https:\/\/slauschek.photography\/cms\/h2o-babyfotos\/h2o-bf-infos-zum-babyschwimmen\/","og_locale":"de_DE","og_type":"article","og_title":"Infos zum Babyschwimmen - Slauschek.Photography","og_url":"https:\/\/slauschek.photography\/cms\/h2o-babyfotos\/h2o-bf-infos-zum-babyschwimmen\/","og_site_name":"Slauschek.Photography","article_modified_time":"2021-04-17T09:07:20+00:00","og_image":[{"width":2048,"height":1365,"url":"https:\/\/slauschek.photography\/cms\/wp-content\/uploads\/2021\/04\/BS-190601-120.jpg","type":"image\/jpeg"}],"twitter_card":"summary_large_image","twitter_misc":{"Gesch\u00e4tzte Lesezeit":"3\u00a0Minuten"},"schema":{"@context":"https:\/\/schema.org","@graph":[{"@type":"WebPage","@id":"https:\/\/slauschek.photography\/cms\/h2o-babyfotos\/h2o-bf-infos-zum-babyschwimmen\/","url":"https:\/\/slauschek.photography\/cms\/h2o-babyfotos\/h2o-bf-infos-zum-babyschwimmen\/","name":"Infos zum Babyschwimmen - Slauschek.Photography","isPartOf":{"@id":"https:\/\/slauschek.photography\/cms\/#website"},"primaryImageOfPage":{"@id":"https:\/\/slauschek.photography\/cms\/h2o-babyfotos\/h2o-bf-infos-zum-babyschwimmen\/#primaryimage"},"image":{"@id":"https:\/\/slauschek.photography\/cms\/h2o-babyfotos\/h2o-bf-infos-zum-babyschwimmen\/#primaryimage"},"thumbnailUrl":"https:\/\/slauschek.photography\/cms\/wp-content\/uploads\/2021\/04\/BS-190601-120.jpg","datePublished":"2021-04-16T13:41:06+00:00","dateModified":"2021-04-17T09:07:20+00:00","breadcrumb":{"@id":"https:\/\/slauschek.photography\/cms\/h2o-babyfotos\/h2o-bf-infos-zum-babyschwimmen\/#breadcrumb"},"inLanguage":"de","potentialAction":[{"@type":"ReadAction","target":["https:\/\/slauschek.photography\/cms\/h2o-babyfotos\/h2o-bf-infos-zum-babyschwimmen\/"]}]},{"@type":"ImageObject","inLanguage":"de","@id":"https:\/\/slauschek.photography\/cms\/h2o-babyfotos\/h2o-bf-infos-zum-babyschwimmen\/#primaryimage","url":"https:\/\/slauschek.photography\/cms\/wp-content\/uploads\/2021\/04\/BS-190601-120.jpg","contentUrl":"https:\/\/slauschek.photography\/cms\/wp-content\/uploads\/2021\/04\/BS-190601-120.jpg","width":2048,"height":1365},{"@type":"BreadcrumbList","@id":"https:\/\/slauschek.photography\/cms\/h2o-babyfotos\/h2o-bf-infos-zum-babyschwimmen\/#breadcrumb","itemListElement":[{"@type":"ListItem","position":1,"name":"Startseite","item":"https:\/\/slauschek.photography\/cms\/"},{"@type":"ListItem","position":2,"name":"H2O-Babyfotos","item":"https:\/\/slauschek.photography\/cms\/h2o-babyfotos\/"},{"@type":"ListItem","position":3,"name":"Infos zum Babyschwimmen"}]},{"@type":"WebSite","@id":"https:\/\/slauschek.photography\/cms\/#website","url":"https:\/\/slauschek.photography\/cms\/","name":"Slauschek.Photography","description":"Passion meets profession!","potentialAction":[{"@type":"SearchAction","target":{"@type":"EntryPoint","urlTemplate":"https:\/\/slauschek.photography\/cms\/?s={search_term_string}"},"query-input":{"@type":"PropertyValueSpecification","valueRequired":true,"valueName":"search_term_string"}}],"inLanguage":"de"}]}},"jetpack_sharing_enabled":true,"_links":{"self":[{"href":"https:\/\/slauschek.photography\/cms\/wp-json\/wp\/v2\/pages\/6009","targetHints":{"allow":["GET"]}}],"collection":[{"href":"https:\/\/slauschek.photography\/cms\/wp-json\/wp\/v2\/pages"}],"about":[{"href":"https:\/\/slauschek.photography\/cms\/wp-json\/wp\/v2\/types\/page"}],"author":[{"embeddable":true,"href":"https:\/\/slauschek.photography\/cms\/wp-json\/wp\/v2\/users\/2"}],"replies":[{"embeddable":true,"href":"https:\/\/slauschek.photography\/cms\/wp-json\/wp\/v2\/comments?post=6009"}],"version-history":[{"count":5,"href":"https:\/\/slauschek.photography\/cms\/wp-json\/wp\/v2\/pages\/6009\/revisions"}],"predecessor-version":[{"id":6093,"href":"https:\/\/slauschek.photography\/cms\/wp-json\/wp\/v2\/pages\/6009\/revisions\/6093"}],"up":[{"embeddable":true,"href":"https:\/\/slauschek.photography\/cms\/wp-json\/wp\/v2\/pages\/6318"}],"wp:featuredmedia":[{"embeddable":true,"href":"https:\/\/slauschek.photography\/cms\/wp-json\/wp\/v2\/media\/6091"}],"wp:attachment":[{"href":"https:\/\/slauschek.photography\/cms\/wp-json\/wp\/v2\/media?parent=6009"}],"curies":[{"name":"wp","href":"https:\/\/api.w.org\/{rel}","templated":true}]}}