{"id":6032,"date":"2021-04-16T16:29:08","date_gmt":"2021-04-16T14:29:08","guid":{"rendered":"http:\/\/slauschek.photography\/cms\/?page_id=6032"},"modified":"2025-01-03T17:28:02","modified_gmt":"2025-01-03T16:28:02","slug":"h2o-bf-neue-kooperationen","status":"publish","type":"page","link":"https:\/\/slauschek.photography\/cms\/h2o-babyfotos\/h2o-bf-neue-kooperationen\/","title":{"rendered":"Neue Kooperationen m\u00f6glich!"},"content":{"rendered":"<div class=\"wp-block-image\">\n<figure data-wp-context=\"{&quot;imageId&quot;:&quot;69ecc37e02f71&quot;}\" data-wp-interactive=\"core\/image\" data-wp-key=\"69ecc37e02f71\" class=\"alignright size-medium wp-lightbox-container\"><img loading=\"lazy\" decoding=\"async\" width=\"300\" height=\"200\" data-wp-class--hide=\"state.isContentHidden\" data-wp-class--show=\"state.isContentVisible\" data-wp-init=\"callbacks.setButtonStyles\" data-wp-on--click=\"actions.showLightbox\" data-wp-on--load=\"callbacks.setButtonStyles\" data-wp-on-window--resize=\"callbacks.setButtonStyles\" src=\"https:\/\/slauschek.photography\/cms\/wp-content\/uploads\/2023\/09\/BS-20230709-OW-504-300x200.jpg\" alt=\"\" class=\"wp-image-9238\" style=\"object-fit:cover\"\/><button\n\t\t\tclass=\"lightbox-trigger\"\n\t\t\ttype=\"button\"\n\t\t\taria-haspopup=\"dialog\"\n\t\t\taria-label=\"Vergr\u00f6\u00dfern\"\n\t\t\tdata-wp-init=\"callbacks.initTriggerButton\"\n\t\t\tdata-wp-on--click=\"actions.showLightbox\"\n\t\t\tdata-wp-style--right=\"state.imageButtonRight\"\n\t\t\tdata-wp-style--top=\"state.imageButtonTop\"\n\t\t>\n\t\t\t<svg xmlns=\"http:\/\/www.w3.org\/2000\/svg\" width=\"12\" height=\"12\" fill=\"none\" viewBox=\"0 0 12 12\">\n\t\t\t\t<path fill=\"#fff\" d=\"M2 0a2 2 0 0 0-2 2v2h1.5V2a.5.5 0 0 1 .5-.5h2V0H2Zm2 10.5H2a.5.5 0 0 1-.5-.5V8H0v2a2 2 0 0 0 2 2h2v-1.5ZM8 12v-1.5h2a.5.5 0 0 0 .5-.5V8H12v2a2 2 0 0 1-2 2H8Zm2-12a2 2 0 0 1 2 2v2h-1.5V2a.5.5 0 0 0-.5-.5H8V0h2Z\" \/>\n\t\t\t<\/svg>\n\t\t<\/button><\/figure>\n<\/div>\n\n\n<p>Auch bei <strong>Deinen Babyschwimm- und Kleinkinderschwimmkursen<\/strong> besteht die M\u00f6glichkeit, <strong>Fotos unter sowie \u00fcber Wasser in Profiqualit\u00e4t<\/strong> machen zu lassen\u2026im Regelfall ist das mit <strong>keinen Kosten <\/strong>f\u00fcr Dich verbunden. Auch die Eltern bezahlen letztendlich nur die Fotos die sie bestellen&#8230;es besteht <strong>kein Kaufzwang<\/strong>!<\/p>\n\n\n\n<p><strong>Ohne Risiko<\/strong> kannst Du so, eine von den Eltern super angenommene, <strong>ganz besondere Serviceleistung<\/strong> bieten.<\/p>\n\n\n<div class=\"wp-block-image\">\n<figure data-wp-context=\"{&quot;imageId&quot;:&quot;69ecc37e033ab&quot;}\" data-wp-interactive=\"core\/image\" data-wp-key=\"69ecc37e033ab\" class=\"alignleft size-medium wp-lightbox-container\"><img loading=\"lazy\" decoding=\"async\" width=\"300\" height=\"200\" data-wp-class--hide=\"state.isContentHidden\" data-wp-class--show=\"state.isContentVisible\" data-wp-init=\"callbacks.setButtonStyles\" data-wp-on--click=\"actions.showLightbox\" data-wp-on--load=\"callbacks.setButtonStyles\" data-wp-on-window--resize=\"callbacks.setButtonStyles\" src=\"https:\/\/slauschek.photography\/cms\/wp-content\/uploads\/2023\/09\/BS-20230709-OW-229-300x200.jpg\" alt=\"\" class=\"wp-image-9200\" style=\"object-fit:cover\"\/><button\n\t\t\tclass=\"lightbox-trigger\"\n\t\t\ttype=\"button\"\n\t\t\taria-haspopup=\"dialog\"\n\t\t\taria-label=\"Vergr\u00f6\u00dfern\"\n\t\t\tdata-wp-init=\"callbacks.initTriggerButton\"\n\t\t\tdata-wp-on--click=\"actions.showLightbox\"\n\t\t\tdata-wp-style--right=\"state.imageButtonRight\"\n\t\t\tdata-wp-style--top=\"state.imageButtonTop\"\n\t\t>\n\t\t\t<svg xmlns=\"http:\/\/www.w3.org\/2000\/svg\" width=\"12\" height=\"12\" fill=\"none\" viewBox=\"0 0 12 12\">\n\t\t\t\t<path fill=\"#fff\" d=\"M2 0a2 2 0 0 0-2 2v2h1.5V2a.5.5 0 0 1 .5-.5h2V0H2Zm2 10.5H2a.5.5 0 0 1-.5-.5V8H0v2a2 2 0 0 0 2 2h2v-1.5ZM8 12v-1.5h2a.5.5 0 0 0 .5-.5V8H12v2a2 2 0 0 1-2 2H8Zm2-12a2 2 0 0 1 2 2v2h-1.5V2a.5.5 0 0 0-.5-.5H8V0h2Z\" \/>\n\t\t\t<\/svg>\n\t\t<\/button><\/figure>\n<\/div>\n\n\n<p>Ich fotografiere in \u00d6sterreich f\u00fcr einige Babyschwimmkursanbieter in ganz \u00d6sterreich&#8230;die Kooperationen laufen seit vielen Jahren sehr harmonisch und zufriedenstellend f\u00fcr alle Beteiligten.<\/p>\n\n\n\n<p>Falls bei Dir Bedenken bestehen da Du selbst Fotos w\u00e4hrend Deiner Kurseinheiten machst, dann kann ich diese wahrscheinlich leicht ausr\u00e4umen:<br>Auch bei einigen anderen Kursanbietern wird vom Babyschwimmteam selbst fotografiert. Die Eltern freuen sich jedoch immer auf meinen Fototermin, da ich nat\u00fcrlich durch meine <a title=\"Harald Slauschek\" href=\"https:\/\/slauschek.photography\/cms\/about\/about-harald-slauschek\/\">jahrelange Erfahrung<\/a> und mein hochwertiges Unterwasserfotoequipment, eine wesentlich h\u00f6here Fotoqualit\u00e4t liefern kann &#8211; auch wenn ein paar BabyschwimmtrainerInnen sehr sch\u00f6ne Fotos machen \ud83d\ude09.<br>Und dabei geht es in erster Linie nicht unbedingt um die verwendete Kamera, sondern um das Lichtequipment und die verschiedenen Unterwassersets die ich verwende. <\/p>\n\n\n<div class=\"wp-block-image\">\n<figure data-wp-context=\"{&quot;imageId&quot;:&quot;69ecc37e03777&quot;}\" data-wp-interactive=\"core\/image\" data-wp-key=\"69ecc37e03777\" class=\"alignright size-medium wp-lightbox-container\"><img loading=\"lazy\" decoding=\"async\" width=\"300\" height=\"200\" data-wp-class--hide=\"state.isContentHidden\" data-wp-class--show=\"state.isContentVisible\" data-wp-init=\"callbacks.setButtonStyles\" data-wp-on--click=\"actions.showLightbox\" data-wp-on--load=\"callbacks.setButtonStyles\" data-wp-on-window--resize=\"callbacks.setButtonStyles\" src=\"https:\/\/slauschek.photography\/cms\/wp-content\/uploads\/2023\/09\/BS-20230709-OW-267-300x200.jpg\" alt=\"\" class=\"wp-image-9204\" style=\"object-fit:cover\"\/><button\n\t\t\tclass=\"lightbox-trigger\"\n\t\t\ttype=\"button\"\n\t\t\taria-haspopup=\"dialog\"\n\t\t\taria-label=\"Vergr\u00f6\u00dfern\"\n\t\t\tdata-wp-init=\"callbacks.initTriggerButton\"\n\t\t\tdata-wp-on--click=\"actions.showLightbox\"\n\t\t\tdata-wp-style--right=\"state.imageButtonRight\"\n\t\t\tdata-wp-style--top=\"state.imageButtonTop\"\n\t\t>\n\t\t\t<svg xmlns=\"http:\/\/www.w3.org\/2000\/svg\" width=\"12\" height=\"12\" fill=\"none\" viewBox=\"0 0 12 12\">\n\t\t\t\t<path fill=\"#fff\" d=\"M2 0a2 2 0 0 0-2 2v2h1.5V2a.5.5 0 0 1 .5-.5h2V0H2Zm2 10.5H2a.5.5 0 0 1-.5-.5V8H0v2a2 2 0 0 0 2 2h2v-1.5ZM8 12v-1.5h2a.5.5 0 0 0 .5-.5V8H12v2a2 2 0 0 1-2 2H8Zm2-12a2 2 0 0 1 2 2v2h-1.5V2a.5.5 0 0 0-.5-.5H8V0h2Z\" \/>\n\t\t\t<\/svg>\n\t\t<\/button><\/figure>\n<\/div>\n\n\n<p><a href=\"https:\/\/slauschek.photography\/cms\/gallerycat\/babys-kids\/\">Zu meinen Beispielfotogalerien geht es hier&#8230;<\/a><\/p>\n\n\n\n<p>Wenn Du mehr wissen m\u00f6chtest, dann kontaktiere mich doch einfach, ich freue mich schon sehr auf Deine Anfrage!<\/p>\n\n\n\n<div class=\"wp-block-buttons is-layout-flex wp-block-buttons-is-layout-flex\">\n<div class=\"wp-block-button\"><a class=\"wp-block-button__link has-background wp-element-button\" href=\"https:\/\/slauschek.photography\/cms\/kontaktformular-sp\/\" style=\"border-radius:50px;background:radial-gradient(rgb(254,205,165) 0%,rgb(254,45,45) 37%,rgb(107,0,62) 100%)\"><strong>Zur Kooperationsanfrage<\/strong><\/a><\/div>\n<\/div>\n\n\n\n\n\n<p><\/p>\n","protected":false},"excerpt":{"rendered":"","protected":false},"author":2,"featured_media":6038,"parent":6318,"menu_order":26,"comment_status":"closed","ping_status":"closed","template":"","meta":{"jetpack_post_was_ever_published":false,"footnotes":""},"class_list":["post-6032","page","type-page","status-publish","has-post-thumbnail","hentry"],"yoast_head":"<!-- This site is optimized with the Yoast SEO plugin v27.4 - https:\/\/yoast.com\/product\/yoast-seo-wordpress\/ -->\n<title>Neue Kooperationen m\u00f6glich! - Slauschek.Photography<\/title>\n<meta name=\"robots\" content=\"index, follow, max-snippet:-1, max-image-preview:large, max-video-preview:-1\" \/>\n<link rel=\"canonical\" href=\"https:\/\/slauschek.photography\/cms\/h2o-babyfotos\/h2o-bf-neue-kooperationen\/\" \/>\n<meta property=\"og:locale\" content=\"de_DE\" \/>\n<meta property=\"og:type\" content=\"article\" \/>\n<meta property=\"og:title\" content=\"Neue Kooperationen m\u00f6glich! - Slauschek.Photography\" \/>\n<meta property=\"og:url\" content=\"https:\/\/slauschek.photography\/cms\/h2o-babyfotos\/h2o-bf-neue-kooperationen\/\" \/>\n<meta property=\"og:site_name\" content=\"Slauschek.Photography\" \/>\n<meta property=\"article:modified_time\" content=\"2025-01-03T16:28:02+00:00\" \/>\n<meta property=\"og:image\" content=\"https:\/\/slauschek.photography\/cms\/wp-content\/uploads\/2021\/04\/Fotolia_18473775_S_Kooperatiom_Handspirale.jpg\" \/>\n\t<meta property=\"og:image:width\" content=\"849\" \/>\n\t<meta property=\"og:image:height\" content=\"566\" \/>\n\t<meta property=\"og:image:type\" content=\"image\/jpeg\" \/>\n<meta name=\"twitter:card\" content=\"summary_large_image\" \/>\n<meta name=\"twitter:label1\" content=\"Gesch\u00e4tzte Lesezeit\" \/>\n\t<meta name=\"twitter:data1\" content=\"3\u00a0Minuten\" \/>\n<script type=\"application\/ld+json\" class=\"yoast-schema-graph\">{\"@context\":\"https:\\\/\\\/schema.org\",\"@graph\":[{\"@type\":\"WebPage\",\"@id\":\"https:\\\/\\\/slauschek.photography\\\/cms\\\/h2o-babyfotos\\\/h2o-bf-neue-kooperationen\\\/\",\"url\":\"https:\\\/\\\/slauschek.photography\\\/cms\\\/h2o-babyfotos\\\/h2o-bf-neue-kooperationen\\\/\",\"name\":\"Neue Kooperationen m\u00f6glich! - Slauschek.Photography\",\"isPartOf\":{\"@id\":\"https:\\\/\\\/slauschek.photography\\\/cms\\\/#website\"},\"primaryImageOfPage\":{\"@id\":\"https:\\\/\\\/slauschek.photography\\\/cms\\\/h2o-babyfotos\\\/h2o-bf-neue-kooperationen\\\/#primaryimage\"},\"image\":{\"@id\":\"https:\\\/\\\/slauschek.photography\\\/cms\\\/h2o-babyfotos\\\/h2o-bf-neue-kooperationen\\\/#primaryimage\"},\"thumbnailUrl\":\"https:\\\/\\\/slauschek.photography\\\/cms\\\/wp-content\\\/uploads\\\/2021\\\/04\\\/Fotolia_18473775_S_Kooperatiom_Handspirale.jpg\",\"datePublished\":\"2021-04-16T14:29:08+00:00\",\"dateModified\":\"2025-01-03T16:28:02+00:00\",\"breadcrumb\":{\"@id\":\"https:\\\/\\\/slauschek.photography\\\/cms\\\/h2o-babyfotos\\\/h2o-bf-neue-kooperationen\\\/#breadcrumb\"},\"inLanguage\":\"de\",\"potentialAction\":[{\"@type\":\"ReadAction\",\"target\":[\"https:\\\/\\\/slauschek.photography\\\/cms\\\/h2o-babyfotos\\\/h2o-bf-neue-kooperationen\\\/\"]}]},{\"@type\":\"ImageObject\",\"inLanguage\":\"de\",\"@id\":\"https:\\\/\\\/slauschek.photography\\\/cms\\\/h2o-babyfotos\\\/h2o-bf-neue-kooperationen\\\/#primaryimage\",\"url\":\"https:\\\/\\\/slauschek.photography\\\/cms\\\/wp-content\\\/uploads\\\/2021\\\/04\\\/Fotolia_18473775_S_Kooperatiom_Handspirale.jpg\",\"contentUrl\":\"https:\\\/\\\/slauschek.photography\\\/cms\\\/wp-content\\\/uploads\\\/2021\\\/04\\\/Fotolia_18473775_S_Kooperatiom_Handspirale.jpg\",\"width\":849,\"height\":566,\"caption\":\"Spirale aus zehn H\u2030nden vor blauem Himmel\"},{\"@type\":\"BreadcrumbList\",\"@id\":\"https:\\\/\\\/slauschek.photography\\\/cms\\\/h2o-babyfotos\\\/h2o-bf-neue-kooperationen\\\/#breadcrumb\",\"itemListElement\":[{\"@type\":\"ListItem\",\"position\":1,\"name\":\"Startseite\",\"item\":\"https:\\\/\\\/slauschek.photography\\\/cms\\\/\"},{\"@type\":\"ListItem\",\"position\":2,\"name\":\"H2O-Babyfotos\",\"item\":\"https:\\\/\\\/slauschek.photography\\\/cms\\\/h2o-babyfotos\\\/\"},{\"@type\":\"ListItem\",\"position\":3,\"name\":\"Neue Kooperationen m\u00f6glich!\"}]},{\"@type\":\"WebSite\",\"@id\":\"https:\\\/\\\/slauschek.photography\\\/cms\\\/#website\",\"url\":\"https:\\\/\\\/slauschek.photography\\\/cms\\\/\",\"name\":\"Slauschek.Photography\",\"description\":\"Passion meets profession!\",\"potentialAction\":[{\"@type\":\"SearchAction\",\"target\":{\"@type\":\"EntryPoint\",\"urlTemplate\":\"https:\\\/\\\/slauschek.photography\\\/cms\\\/?s={search_term_string}\"},\"query-input\":{\"@type\":\"PropertyValueSpecification\",\"valueRequired\":true,\"valueName\":\"search_term_string\"}}],\"inLanguage\":\"de\"}]}<\/script>\n<!-- \/ Yoast SEO plugin. -->","yoast_head_json":{"title":"Neue Kooperationen m\u00f6glich! - Slauschek.Photography","robots":{"index":"index","follow":"follow","max-snippet":"max-snippet:-1","max-image-preview":"max-image-preview:large","max-video-preview":"max-video-preview:-1"},"canonical":"https:\/\/slauschek.photography\/cms\/h2o-babyfotos\/h2o-bf-neue-kooperationen\/","og_locale":"de_DE","og_type":"article","og_title":"Neue Kooperationen m\u00f6glich! - Slauschek.Photography","og_url":"https:\/\/slauschek.photography\/cms\/h2o-babyfotos\/h2o-bf-neue-kooperationen\/","og_site_name":"Slauschek.Photography","article_modified_time":"2025-01-03T16:28:02+00:00","og_image":[{"width":849,"height":566,"url":"https:\/\/slauschek.photography\/cms\/wp-content\/uploads\/2021\/04\/Fotolia_18473775_S_Kooperatiom_Handspirale.jpg","type":"image\/jpeg"}],"twitter_card":"summary_large_image","twitter_misc":{"Gesch\u00e4tzte Lesezeit":"3\u00a0Minuten"},"schema":{"@context":"https:\/\/schema.org","@graph":[{"@type":"WebPage","@id":"https:\/\/slauschek.photography\/cms\/h2o-babyfotos\/h2o-bf-neue-kooperationen\/","url":"https:\/\/slauschek.photography\/cms\/h2o-babyfotos\/h2o-bf-neue-kooperationen\/","name":"Neue Kooperationen m\u00f6glich! - Slauschek.Photography","isPartOf":{"@id":"https:\/\/slauschek.photography\/cms\/#website"},"primaryImageOfPage":{"@id":"https:\/\/slauschek.photography\/cms\/h2o-babyfotos\/h2o-bf-neue-kooperationen\/#primaryimage"},"image":{"@id":"https:\/\/slauschek.photography\/cms\/h2o-babyfotos\/h2o-bf-neue-kooperationen\/#primaryimage"},"thumbnailUrl":"https:\/\/slauschek.photography\/cms\/wp-content\/uploads\/2021\/04\/Fotolia_18473775_S_Kooperatiom_Handspirale.jpg","datePublished":"2021-04-16T14:29:08+00:00","dateModified":"2025-01-03T16:28:02+00:00","breadcrumb":{"@id":"https:\/\/slauschek.photography\/cms\/h2o-babyfotos\/h2o-bf-neue-kooperationen\/#breadcrumb"},"inLanguage":"de","potentialAction":[{"@type":"ReadAction","target":["https:\/\/slauschek.photography\/cms\/h2o-babyfotos\/h2o-bf-neue-kooperationen\/"]}]},{"@type":"ImageObject","inLanguage":"de","@id":"https:\/\/slauschek.photography\/cms\/h2o-babyfotos\/h2o-bf-neue-kooperationen\/#primaryimage","url":"https:\/\/slauschek.photography\/cms\/wp-content\/uploads\/2021\/04\/Fotolia_18473775_S_Kooperatiom_Handspirale.jpg","contentUrl":"https:\/\/slauschek.photography\/cms\/wp-content\/uploads\/2021\/04\/Fotolia_18473775_S_Kooperatiom_Handspirale.jpg","width":849,"height":566,"caption":"Spirale aus zehn H\u2030nden vor blauem Himmel"},{"@type":"BreadcrumbList","@id":"https:\/\/slauschek.photography\/cms\/h2o-babyfotos\/h2o-bf-neue-kooperationen\/#breadcrumb","itemListElement":[{"@type":"ListItem","position":1,"name":"Startseite","item":"https:\/\/slauschek.photography\/cms\/"},{"@type":"ListItem","position":2,"name":"H2O-Babyfotos","item":"https:\/\/slauschek.photography\/cms\/h2o-babyfotos\/"},{"@type":"ListItem","position":3,"name":"Neue Kooperationen m\u00f6glich!"}]},{"@type":"WebSite","@id":"https:\/\/slauschek.photography\/cms\/#website","url":"https:\/\/slauschek.photography\/cms\/","name":"Slauschek.Photography","description":"Passion meets profession!","potentialAction":[{"@type":"SearchAction","target":{"@type":"EntryPoint","urlTemplate":"https:\/\/slauschek.photography\/cms\/?s={search_term_string}"},"query-input":{"@type":"PropertyValueSpecification","valueRequired":true,"valueName":"search_term_string"}}],"inLanguage":"de"}]}},"jetpack_sharing_enabled":true,"_links":{"self":[{"href":"https:\/\/slauschek.photography\/cms\/wp-json\/wp\/v2\/pages\/6032","targetHints":{"allow":["GET"]}}],"collection":[{"href":"https:\/\/slauschek.photography\/cms\/wp-json\/wp\/v2\/pages"}],"about":[{"href":"https:\/\/slauschek.photography\/cms\/wp-json\/wp\/v2\/types\/page"}],"author":[{"embeddable":true,"href":"https:\/\/slauschek.photography\/cms\/wp-json\/wp\/v2\/users\/2"}],"replies":[{"embeddable":true,"href":"https:\/\/slauschek.photography\/cms\/wp-json\/wp\/v2\/comments?post=6032"}],"version-history":[{"count":15,"href":"https:\/\/slauschek.photography\/cms\/wp-json\/wp\/v2\/pages\/6032\/revisions"}],"predecessor-version":[{"id":10009,"href":"https:\/\/slauschek.photography\/cms\/wp-json\/wp\/v2\/pages\/6032\/revisions\/10009"}],"up":[{"embeddable":true,"href":"https:\/\/slauschek.photography\/cms\/wp-json\/wp\/v2\/pages\/6318"}],"wp:featuredmedia":[{"embeddable":true,"href":"https:\/\/slauschek.photography\/cms\/wp-json\/wp\/v2\/media\/6038"}],"wp:attachment":[{"href":"https:\/\/slauschek.photography\/cms\/wp-json\/wp\/v2\/media?parent=6032"}],"curies":[{"name":"wp","href":"https:\/\/api.w.org\/{rel}","templated":true}]}}