{"id":6198,"date":"2021-04-16T22:36:29","date_gmt":"2021-04-16T20:36:29","guid":{"rendered":"http:\/\/slauschek.photography\/cms\/?page_id=6198"},"modified":"2021-04-26T23:37:17","modified_gmt":"2021-04-26T21:37:17","slug":"h2o-bf-digitaldatei-vs-papierfoto","status":"publish","type":"page","link":"https:\/\/slauschek.photography\/cms\/h2o-babyfotos\/h2o-bf-digitaldatei-vs-papierfoto\/","title":{"rendered":"Digitaldatei vs. Papierfoto"},"content":{"rendered":"\n<h5 class=\"wp-block-heading\">Digitaldatei<\/h5>\n\n\n\n<p>(=Babyschwimmfoto in digitaler Form)<\/p>\n\n\n\n<p>Die bei den Babyschwimmfotoshootings gemachten Aufnahmen, k\u00f6nnen in verschiedensten Gr\u00f6\u00dfen, als Digitaldatei zur privaten Nutzung erworben werden. <br>Der Preis f\u00fcr ein Foto (eine Digitaldatei)&nbsp;h\u00e4ngt dabei ganz von der geplanten maximalen Ausarbeitungsgr\u00f6\u00dfe und vom individuellen Verwendungszweck ab. <br>Es gibt auch Mengenrabatte&#8230;<\/p>\n\n\n\n<h5 class=\"wp-block-heading\">Unterschied Digitaldatei und Papierfoto<\/h5>\n\n\n\n<p>Bei den bestellbaren Produkten gibt es u.a. die M\u00f6glichkeit Papierfotos oder Digitaldateien in unterschiedlichsten Gr\u00f6\u00dfen zu bestellen.<br>Welche Aspekte gibt es dabei zu beachten, wo liegen die Unterschiede?<\/p>\n\n\n\n<h6 class=\"wp-block-heading\">Papierfoto<\/h6>\n\n\n\n<p><\/p>\n\n\n\n<ul class=\"wp-block-list\"><li>Bei einem&nbsp;Papierfoto, handelt es sich um ein auf hochwertigem Fotopapier ausbelichtetes Bild.<\/li><\/ul>\n\n\n\n<h6 class=\"wp-block-heading\">Digitaldatei<\/h6>\n\n\n\n<ul class=\"wp-block-list\"><li>Digitaldateien (Fotos in digitaler Form) werden \u00fcblicher Weise per Downloadlink versandt.<\/li><li>Der gro\u00dfe Vorteil der im Vergleich zum Papierfoto etwas teureren Digitaldateien liegt darin, dass diese mehrfach in einem Fotolabor ausgearbeitet werden k\u00f6nnen. D.h. es wird nur einmal f\u00fcr das Foto (die Fotonutzung) bezahlt und es kann, im privaten Bereich, x-fach als Papierfoto ausgearbeitet werden.<\/li><li>Abgesehen davon sind in der heutigen Zeit (Computer, Internet &amp; Co.), digitale Daten nat\u00fcrlich flexibler zu handhaben als ein physikalisches Bild.<\/li><li>Detailinfos zu den versandten digitalen Dateien:<ul><li>Dateiformat: JPEG<\/li><li>Farbraum: sRGB<\/li><li>Farbtiefe: 8 Bit pro Farbkanal (=16,7 Mio. Farben)<\/li><li>Aufl\u00f6sung: 240 ppi<\/li><li>Formate\/Abmessungen: Bestellabh\u00e4ngig<ul><li>D.h. die maximale in einem Fotolabor ausarbeitbare Papierfotogr\u00f6\u00dfe ist davon direkt abh\u00e4ngig. Je gr\u00f6\u00dfer das Format der bestellten Digitaldatei, desto gr\u00f6\u00dfer das herstellbare Papierfoto<\/li><li>Formatbeispiele: 13&#215;19 cm, 20x30cm, 30&#215;45 cm, &#8230;<\/li><li>Gr\u00f6\u00dfere Sonderformate sind nat\u00fcrlich auch m\u00f6glich.<\/li><\/ul><\/li><\/ul><\/li><\/ul>\n\n\n\n<p>.<\/p>\n\n\n\n<h6 class=\"wp-block-heading\">Anmerkung zu Papierfotos<\/h6>\n\n\n\n<p>Die bei unseren Babyschwimmfotoshootings gemachten Aufnahmen k\u00f6nnen in ausgew\u00e4hlten Gr\u00f6\u00dfen, auch als auf hochwertigem Fotopapier ausgearbeitete Bilder bestellt werden.<\/p>\n\n\n\n<p>Auf Grund des immer geringer werdenden Interesses an <strong>Fotos auf Fotopapier im Kleinformat<\/strong> sowie der kosteng\u00fcnstigen sowie qualitativ ausreichenden Ausarbeitungsm\u00f6glichkeiten im Fach-\/Onlinehandel direkt durch die Konsumenten, haben wir diese Gr\u00f6\u00dfen <strong>aus unserem Angebotsspektrum gestrichen<\/strong>.<br>Qualitativ hochwertig auf Fotopapier ausgearbeitete <strong>Gro\u00dfformatbilder<\/strong> bleiben aktuell <strong>weiterhin bestellbar<\/strong>. <\/p>\n\n\n\n<p><a href=\"https:\/\/slauschek.photography\/cms\/h2o-babyfotos\/h2o-bf-fotobestellungen\/\" title=\"Fotobestellungen\">Zu unserem Fotobestellsystem&#8230;<\/a><\/p>\n","protected":false},"excerpt":{"rendered":"","protected":false},"author":2,"featured_media":154,"parent":6318,"menu_order":23,"comment_status":"closed","ping_status":"closed","template":"","meta":{"jetpack_post_was_ever_published":false,"footnotes":""},"class_list":["post-6198","page","type-page","status-publish","has-post-thumbnail","hentry"],"yoast_head":"<!-- This site is optimized with the Yoast SEO plugin v27.4 - https:\/\/yoast.com\/product\/yoast-seo-wordpress\/ -->\n<title>Digitaldatei vs. Papierfoto - Slauschek.Photography<\/title>\n<meta name=\"robots\" content=\"index, follow, max-snippet:-1, max-image-preview:large, max-video-preview:-1\" \/>\n<link rel=\"canonical\" href=\"https:\/\/slauschek.photography\/cms\/h2o-babyfotos\/h2o-bf-digitaldatei-vs-papierfoto\/\" \/>\n<meta property=\"og:locale\" content=\"de_DE\" \/>\n<meta property=\"og:type\" content=\"article\" \/>\n<meta property=\"og:title\" content=\"Digitaldatei vs. Papierfoto - Slauschek.Photography\" \/>\n<meta property=\"og:url\" content=\"https:\/\/slauschek.photography\/cms\/h2o-babyfotos\/h2o-bf-digitaldatei-vs-papierfoto\/\" \/>\n<meta property=\"og:site_name\" content=\"Slauschek.Photography\" \/>\n<meta property=\"article:modified_time\" content=\"2021-04-26T21:37:17+00:00\" \/>\n<meta property=\"og:image\" content=\"https:\/\/slauschek.photography\/cms\/wp-content\/uploads\/2021\/04\/BS-120811-058.jpg\" \/>\n\t<meta property=\"og:image:width\" content=\"2048\" \/>\n\t<meta property=\"og:image:height\" content=\"1363\" \/>\n\t<meta property=\"og:image:type\" content=\"image\/jpeg\" \/>\n<meta name=\"twitter:card\" content=\"summary_large_image\" \/>\n<meta name=\"twitter:label1\" content=\"Gesch\u00e4tzte Lesezeit\" \/>\n\t<meta name=\"twitter:data1\" content=\"2\u00a0Minuten\" \/>\n<script type=\"application\/ld+json\" class=\"yoast-schema-graph\">{\"@context\":\"https:\\\/\\\/schema.org\",\"@graph\":[{\"@type\":\"WebPage\",\"@id\":\"https:\\\/\\\/slauschek.photography\\\/cms\\\/h2o-babyfotos\\\/h2o-bf-digitaldatei-vs-papierfoto\\\/\",\"url\":\"https:\\\/\\\/slauschek.photography\\\/cms\\\/h2o-babyfotos\\\/h2o-bf-digitaldatei-vs-papierfoto\\\/\",\"name\":\"Digitaldatei vs. Papierfoto - Slauschek.Photography\",\"isPartOf\":{\"@id\":\"https:\\\/\\\/slauschek.photography\\\/cms\\\/#website\"},\"primaryImageOfPage\":{\"@id\":\"https:\\\/\\\/slauschek.photography\\\/cms\\\/h2o-babyfotos\\\/h2o-bf-digitaldatei-vs-papierfoto\\\/#primaryimage\"},\"image\":{\"@id\":\"https:\\\/\\\/slauschek.photography\\\/cms\\\/h2o-babyfotos\\\/h2o-bf-digitaldatei-vs-papierfoto\\\/#primaryimage\"},\"thumbnailUrl\":\"https:\\\/\\\/slauschek.photography\\\/cms\\\/wp-content\\\/uploads\\\/2021\\\/04\\\/BS-120811-058.jpg\",\"datePublished\":\"2021-04-16T20:36:29+00:00\",\"dateModified\":\"2021-04-26T21:37:17+00:00\",\"breadcrumb\":{\"@id\":\"https:\\\/\\\/slauschek.photography\\\/cms\\\/h2o-babyfotos\\\/h2o-bf-digitaldatei-vs-papierfoto\\\/#breadcrumb\"},\"inLanguage\":\"de\",\"potentialAction\":[{\"@type\":\"ReadAction\",\"target\":[\"https:\\\/\\\/slauschek.photography\\\/cms\\\/h2o-babyfotos\\\/h2o-bf-digitaldatei-vs-papierfoto\\\/\"]}]},{\"@type\":\"ImageObject\",\"inLanguage\":\"de\",\"@id\":\"https:\\\/\\\/slauschek.photography\\\/cms\\\/h2o-babyfotos\\\/h2o-bf-digitaldatei-vs-papierfoto\\\/#primaryimage\",\"url\":\"https:\\\/\\\/slauschek.photography\\\/cms\\\/wp-content\\\/uploads\\\/2021\\\/04\\\/BS-120811-058.jpg\",\"contentUrl\":\"https:\\\/\\\/slauschek.photography\\\/cms\\\/wp-content\\\/uploads\\\/2021\\\/04\\\/BS-120811-058.jpg\",\"width\":2048,\"height\":1363},{\"@type\":\"BreadcrumbList\",\"@id\":\"https:\\\/\\\/slauschek.photography\\\/cms\\\/h2o-babyfotos\\\/h2o-bf-digitaldatei-vs-papierfoto\\\/#breadcrumb\",\"itemListElement\":[{\"@type\":\"ListItem\",\"position\":1,\"name\":\"Startseite\",\"item\":\"https:\\\/\\\/slauschek.photography\\\/cms\\\/\"},{\"@type\":\"ListItem\",\"position\":2,\"name\":\"H2O-Babyfotos\",\"item\":\"https:\\\/\\\/slauschek.photography\\\/cms\\\/h2o-babyfotos\\\/\"},{\"@type\":\"ListItem\",\"position\":3,\"name\":\"Digitaldatei vs. Papierfoto\"}]},{\"@type\":\"WebSite\",\"@id\":\"https:\\\/\\\/slauschek.photography\\\/cms\\\/#website\",\"url\":\"https:\\\/\\\/slauschek.photography\\\/cms\\\/\",\"name\":\"Slauschek.Photography\",\"description\":\"Passion meets profession!\",\"potentialAction\":[{\"@type\":\"SearchAction\",\"target\":{\"@type\":\"EntryPoint\",\"urlTemplate\":\"https:\\\/\\\/slauschek.photography\\\/cms\\\/?s={search_term_string}\"},\"query-input\":{\"@type\":\"PropertyValueSpecification\",\"valueRequired\":true,\"valueName\":\"search_term_string\"}}],\"inLanguage\":\"de\"}]}<\/script>\n<!-- \/ Yoast SEO plugin. -->","yoast_head_json":{"title":"Digitaldatei vs. Papierfoto - Slauschek.Photography","robots":{"index":"index","follow":"follow","max-snippet":"max-snippet:-1","max-image-preview":"max-image-preview:large","max-video-preview":"max-video-preview:-1"},"canonical":"https:\/\/slauschek.photography\/cms\/h2o-babyfotos\/h2o-bf-digitaldatei-vs-papierfoto\/","og_locale":"de_DE","og_type":"article","og_title":"Digitaldatei vs. Papierfoto - Slauschek.Photography","og_url":"https:\/\/slauschek.photography\/cms\/h2o-babyfotos\/h2o-bf-digitaldatei-vs-papierfoto\/","og_site_name":"Slauschek.Photography","article_modified_time":"2021-04-26T21:37:17+00:00","og_image":[{"width":2048,"height":1363,"url":"https:\/\/slauschek.photography\/cms\/wp-content\/uploads\/2021\/04\/BS-120811-058.jpg","type":"image\/jpeg"}],"twitter_card":"summary_large_image","twitter_misc":{"Gesch\u00e4tzte Lesezeit":"2\u00a0Minuten"},"schema":{"@context":"https:\/\/schema.org","@graph":[{"@type":"WebPage","@id":"https:\/\/slauschek.photography\/cms\/h2o-babyfotos\/h2o-bf-digitaldatei-vs-papierfoto\/","url":"https:\/\/slauschek.photography\/cms\/h2o-babyfotos\/h2o-bf-digitaldatei-vs-papierfoto\/","name":"Digitaldatei vs. Papierfoto - Slauschek.Photography","isPartOf":{"@id":"https:\/\/slauschek.photography\/cms\/#website"},"primaryImageOfPage":{"@id":"https:\/\/slauschek.photography\/cms\/h2o-babyfotos\/h2o-bf-digitaldatei-vs-papierfoto\/#primaryimage"},"image":{"@id":"https:\/\/slauschek.photography\/cms\/h2o-babyfotos\/h2o-bf-digitaldatei-vs-papierfoto\/#primaryimage"},"thumbnailUrl":"https:\/\/slauschek.photography\/cms\/wp-content\/uploads\/2021\/04\/BS-120811-058.jpg","datePublished":"2021-04-16T20:36:29+00:00","dateModified":"2021-04-26T21:37:17+00:00","breadcrumb":{"@id":"https:\/\/slauschek.photography\/cms\/h2o-babyfotos\/h2o-bf-digitaldatei-vs-papierfoto\/#breadcrumb"},"inLanguage":"de","potentialAction":[{"@type":"ReadAction","target":["https:\/\/slauschek.photography\/cms\/h2o-babyfotos\/h2o-bf-digitaldatei-vs-papierfoto\/"]}]},{"@type":"ImageObject","inLanguage":"de","@id":"https:\/\/slauschek.photography\/cms\/h2o-babyfotos\/h2o-bf-digitaldatei-vs-papierfoto\/#primaryimage","url":"https:\/\/slauschek.photography\/cms\/wp-content\/uploads\/2021\/04\/BS-120811-058.jpg","contentUrl":"https:\/\/slauschek.photography\/cms\/wp-content\/uploads\/2021\/04\/BS-120811-058.jpg","width":2048,"height":1363},{"@type":"BreadcrumbList","@id":"https:\/\/slauschek.photography\/cms\/h2o-babyfotos\/h2o-bf-digitaldatei-vs-papierfoto\/#breadcrumb","itemListElement":[{"@type":"ListItem","position":1,"name":"Startseite","item":"https:\/\/slauschek.photography\/cms\/"},{"@type":"ListItem","position":2,"name":"H2O-Babyfotos","item":"https:\/\/slauschek.photography\/cms\/h2o-babyfotos\/"},{"@type":"ListItem","position":3,"name":"Digitaldatei vs. Papierfoto"}]},{"@type":"WebSite","@id":"https:\/\/slauschek.photography\/cms\/#website","url":"https:\/\/slauschek.photography\/cms\/","name":"Slauschek.Photography","description":"Passion meets profession!","potentialAction":[{"@type":"SearchAction","target":{"@type":"EntryPoint","urlTemplate":"https:\/\/slauschek.photography\/cms\/?s={search_term_string}"},"query-input":{"@type":"PropertyValueSpecification","valueRequired":true,"valueName":"search_term_string"}}],"inLanguage":"de"}]}},"jetpack_sharing_enabled":true,"_links":{"self":[{"href":"https:\/\/slauschek.photography\/cms\/wp-json\/wp\/v2\/pages\/6198","targetHints":{"allow":["GET"]}}],"collection":[{"href":"https:\/\/slauschek.photography\/cms\/wp-json\/wp\/v2\/pages"}],"about":[{"href":"https:\/\/slauschek.photography\/cms\/wp-json\/wp\/v2\/types\/page"}],"author":[{"embeddable":true,"href":"https:\/\/slauschek.photography\/cms\/wp-json\/wp\/v2\/users\/2"}],"replies":[{"embeddable":true,"href":"https:\/\/slauschek.photography\/cms\/wp-json\/wp\/v2\/comments?post=6198"}],"version-history":[{"count":14,"href":"https:\/\/slauschek.photography\/cms\/wp-json\/wp\/v2\/pages\/6198\/revisions"}],"predecessor-version":[{"id":7750,"href":"https:\/\/slauschek.photography\/cms\/wp-json\/wp\/v2\/pages\/6198\/revisions\/7750"}],"up":[{"embeddable":true,"href":"https:\/\/slauschek.photography\/cms\/wp-json\/wp\/v2\/pages\/6318"}],"wp:featuredmedia":[{"embeddable":true,"href":"https:\/\/slauschek.photography\/cms\/wp-json\/wp\/v2\/media\/154"}],"wp:attachment":[{"href":"https:\/\/slauschek.photography\/cms\/wp-json\/wp\/v2\/media?parent=6198"}],"curies":[{"name":"wp","href":"https:\/\/api.w.org\/{rel}","templated":true}]}}