{"id":7035,"date":"2021-04-23T21:26:55","date_gmt":"2021-04-23T19:26:55","guid":{"rendered":"http:\/\/slauschek.photography\/cms\/?page_id=7035"},"modified":"2025-05-14T15:48:42","modified_gmt":"2025-05-14T13:48:42","slug":"links","status":"publish","type":"page","link":"https:\/\/slauschek.photography\/cms\/links\/","title":{"rendered":"Links"},"content":{"rendered":"\n<h6 class=\"wp-block-heading has-text-align-center has-large-font-size\">Empfehlungen<\/h6>\n\n\n\n<p><\/p>\n\n\n\n<p><\/p>\n\n\n\n<figure class=\"wp-block-table is-style-stripes\"><table class=\"has-fixed-layout\"><tbody><tr><td class=\"has-text-align-center\" data-align=\"center\"><a href=\"http:\/\/www.foto15.at\" target=\"_blank\" rel=\"noreferrer noopener\"><img loading=\"lazy\" decoding=\"async\" width=\"200\" height=\"78\" class=\"wp-image-10109\" style=\"width: 200px;\" src=\"https:\/\/slauschek.photography\/cms\/wp-content\/uploads\/2025\/05\/Foto15_Logo_mitZusatz_RGB.png\" alt=\"\"><\/a><br><strong><kbd><a href=\"http:\/\/www.foto15.at\" target=\"_blank\" rel=\"noreferrer noopener\">Foto15<\/a><\/kbd><\/strong><br>Das Fotofachgesch\u00e4ft meiner Wahl! Ans\u00e4ssig in Wien gegen\u00fcber vom Westbahnhof.<br>Hier treffen Erfahrung und Kompetenz auf Kundenorientierung und Freundlichkeit. Das Team rund um den Inhaber Anton F\u00fcrb\u00f6ck ist f\u00fcr mich ein sehr verl\u00e4sslicher Partner seit vielen Jahren!<\/td><\/tr><tr><td class=\"has-text-align-center\" data-align=\"center\"><a href=\"http:\/\/www.photoadventure.at\/\" target=\"_blank\" rel=\"noreferrer noopener\"><img loading=\"lazy\" decoding=\"async\" width=\"170\" height=\"156\" class=\"wp-image-7120\" style=\"width: 170px;\" src=\"https:&#x2f;&#x2f;&#x73;&#x6c;&#97;&#117;&#115;&#99;hek&#x2e;&#x70;&#x68;&#x6f;&#x74;&#111;&#103;&#114;aph&#x79;&#x2f;&#x63;&#x6d;&#x73;&#47;&#119;&#112;-co&#x6e;&#x74;&#x65;&#x6e;&#x74;&#47;&#117;&#112;loa&#x64;&#x73;&#x2f;&#x32;&#x30;&#50;&#49;&#47;04\/&#x50;&#x41;&#x2d;&#x4c;&#x6f;&#103;&#111;&#45;All&#x67;&#x65;&#x6d;&#x65;&#x69;&#110;&#64;&#50;&#120;&#46;p&#x6e;&#x67;\" alt=\"\"><\/a><br><a href=\"http:\/\/www.photoadventure.at\/\" target=\"_blank\" rel=\"noreferrer noopener\"><strong><kbd>Photo+Adventure (A)<\/kbd><\/strong><\/a><br>Das Messe+Festival mit dem perfekten Themenmix aus Fotografie, Reise, Outdoor und Film+Video.<br>Seit dem Jahr 2004 bieten wir im Rahmen dieser Veranstaltung regelm\u00e4\u00dfig Fachvortr\u00e4ge, Fotoseminare, Fotoworkshops und LIVE-Fotoshootings an.<\/td><\/tr><tr><td class=\"has-text-align-center\" data-align=\"center\"><a href=\"http:\/\/www.baby-kinder-schwimmschule.at\/\" target=\"_blank\" rel=\"noreferrer noopener\"><img loading=\"lazy\" decoding=\"async\" width=\"170\" height=\"133\" class=\"wp-image-7118\" style=\"width: 170px;\" src=\"https:\/\/slauschek.photography\/cms\/wp-content\/uploads\/2021\/04\/BKSS-Logo_2018-05-08_1024px-100ppi.png\" alt=\"\"><\/a>  .  <a href=\"http:\/\/www.babyswimming.at\/\" target=\"_blank\" rel=\"noreferrer noopener\"><img loading=\"lazy\" decoding=\"async\" width=\"150\" height=\"138\" class=\"wp-image-7119\" style=\"width: 150px;\" src=\"https:\/\/slauschek.photography\/cms\/wp-content\/uploads\/2021\/04\/BS.at-Logo_mittelblaue-Schrift_MedRes.png\" alt=\"\"><\/a><br><kbd><strong><a href=\"http:\/\/www.baby-kinder-schwimmschule.at\/\" target=\"_blank\" rel=\"noreferrer noopener\">Baby-Kinder-Schwimmschule.at (A)<\/a><\/strong><\/kbd>  &amp;  <strong><a href=\"http:\/\/www.babyswimming.at\/\" target=\"_blank\" rel=\"noreferrer noopener\"><kbd>Babyswimming.at (A)<\/kbd><\/a><\/strong><br>Die hochwertigsten sowie motiviertesten Baby- und Kleinkinderschwimmkurse in Wien sowie in den Bezirken Baden &amp; M\u00f6dling in Nieder\u00f6sterreich.<\/td><\/tr><tr><td class=\"has-text-align-center\" data-align=\"center\"><a href=\"https:\/\/www.mermaidkatshop.de\/\" target=\"_blank\" rel=\"noreferrer noopener\"><img loading=\"lazy\" decoding=\"async\" width=\"120\" height=\"163\" class=\"wp-image-7044\" style=\"width: 120px;\" src=\"https:\/\/slauschek.photography\/cms\/wp-content\/uploads\/2021\/04\/Mermaidkatshop_1500px.png\" alt=\"\"><\/a><br><strong><a href=\"https:\/\/www.mermaid-kat.de\/\" target=\"_blank\" rel=\"noreferrer noopener\"><kbd>Mermaid Kat | Katrin Gray (D)<\/kbd><\/a><\/strong><br>Als professionelle Mermaid und Top-Unterwasserfotomodel Katrin Gray aus Hannover, \u201eMiss Deutschland International 2006\u201c und \u201eQueen of the world Germany 2007\u201c, ist eine der bekanntesten Meerjungfrauen weltweit. Als&nbsp; Unterwasserfotomodel arbeitet sie speziell im Mermaid- und Fashionbereich unter Wasser regelm\u00e4\u00dfig mit Harald Slauschek und seinem Team zusammen. <br>\u00dcber ihren <a href=\"https:\/\/www.mermaidkatshop.de\/\" target=\"_blank\" rel=\"noreferrer noopener\"><strong><kbd>Mermaid Kat Shop<\/kbd><\/strong><\/a> produziert und vertreibt sie weltweit Meerjungfrauenkost\u00fcme\/Meerjungfrauenflossen f\u00fcr Nixen, Meerjungfrauen, Meerm\u00e4nner und Profi-Mermaids&#8230;sehr empfehlenswert!<\/td><\/tr><tr><td class=\"has-text-align-center\" data-align=\"center\"><a href=\"https:\/\/www.nadinebrandl.com\/\" target=\"_blank\" rel=\"noreferrer noopener\"><img decoding=\"async\" src=\"https:\/\/slauschek.photography\/cms\/wp-content\/uploads\/2021\/04\/Nadine-Brandl-Logo.png\" alt=\"\" style=\"width: 300px;\"><\/a><br><strong><a href=\"https:\/\/www.nadinebrandl.com\/\" target=\"_blank\" rel=\"noreferrer noopener\"><kbd>Nadine Brandl<\/kbd><\/a><\/strong> ist eines der weltbesten Unterwassermodels. Als Synchronschwimmerin war sie in ihren Wettkampfjahren die Beste in \u00d6sterreich. Ihren Status als Vorzeigeathletin unterstreichen unz\u00e4hlige internationale Wettbewerbserfolge sowie ihre tollen Platzierungen bei Europa- und Weltmeisterschaften inkl. ihrer zweimaligen Teilnahme an Olympischen Spielen (2008 in Peking und 2012 in London).<br>Als erste \u00d6sterreicherin wurde sie als st\u00e4ndiges Mitglied in das Team der seit vielen Jahren besten und beliebtesten Show in Las Vegas (USA) aufgenommen: <a href=\"https:\/\/www.youtube.com\/watch?v=sz4h5onaAUM\" target=\"_blank\" rel=\"noreferrer noopener\">LE REVE wear your dreams<\/a><br>Mit Nadine arbeiten wir bereits viele Jahre auf einer ganz besonderen, auch sehr pers\u00f6nlichen Basis zusammen. Einige einzigartige Untewasserfotoshootings und diverseste Mermaidingprojekte mit den <a href=\"http:\/\/www.austrian-mermaids.at\" target=\"_blank\" rel=\"noreferrer noopener\">Austrian Mermaids<\/a> sind die \u00e4u\u00dferst herzeigbaren Ergebnisse unserer Kooperation&#8230;und neue Projekte sind bereits in der Warteschlange.<\/td><\/tr><tr><td class=\"has-text-align-center\" data-align=\"center\"><strong><a href=\"http:\/\/www.asb-moedling.at\/\" target=\"_blank\" rel=\"noreferrer noopener\"><kbd>ASB\u00d6 M\u00f6dling - Arbeiter Samariter Bund \u00d6sterreichs (A)<\/kbd><\/a><\/strong><br>Die Gruppe M\u00f6dling des Arbeiter Samariter Bund \u00d6sterreichs (ASB\u00d6) wurde 1991 gegr\u00fcndet.<br>Die T\u00e4tigkeiten sind ausschlie\u00dflich im und um das Wasser und den Wassersport angesiedelt, wobei sich das Leistungsangebot in die Bereiche Schwimmen und Tauchen teilt. Dieses Angebot ist eines der Vielseitigsten in \u00d6sterreich.&nbsp;<\/td><\/tr><\/tbody><\/table><\/figure>\n","protected":false},"excerpt":{"rendered":"","protected":false},"author":2,"featured_media":0,"parent":0,"menu_order":0,"comment_status":"closed","ping_status":"closed","template":"","meta":{"jetpack_post_was_ever_published":false,"footnotes":""},"class_list":["post-7035","page","type-page","status-publish","hentry"],"yoast_head":"<!-- This site is optimized with the Yoast SEO plugin v27.3 - https:\/\/yoast.com\/product\/yoast-seo-wordpress\/ -->\n<title>Links - Slauschek.Photography<\/title>\n<meta name=\"robots\" content=\"index, follow, max-snippet:-1, max-image-preview:large, max-video-preview:-1\" \/>\n<link rel=\"canonical\" href=\"https:\/\/slauschek.photography\/cms\/links\/\" \/>\n<meta property=\"og:locale\" content=\"de_DE\" \/>\n<meta property=\"og:type\" content=\"article\" \/>\n<meta property=\"og:title\" content=\"Links - Slauschek.Photography\" \/>\n<meta property=\"og:url\" content=\"https:\/\/slauschek.photography\/cms\/links\/\" \/>\n<meta property=\"og:site_name\" content=\"Slauschek.Photography\" \/>\n<meta property=\"article:modified_time\" content=\"2025-05-14T13:48:42+00:00\" \/>\n<meta property=\"og:image\" content=\"https:\/\/slauschek.photography\/cms\/wp-content\/uploads\/2025\/05\/Foto15_Logo_mitZusatz_RGB.png\" \/>\n\t<meta property=\"og:image:width\" content=\"2362\" \/>\n\t<meta property=\"og:image:height\" content=\"922\" \/>\n\t<meta property=\"og:image:type\" content=\"image\/png\" \/>\n<meta name=\"twitter:card\" content=\"summary_large_image\" \/>\n<meta name=\"twitter:label1\" content=\"Gesch\u00e4tzte Lesezeit\" \/>\n\t<meta name=\"twitter:data1\" content=\"4\u00a0Minuten\" \/>\n<script type=\"application\/ld+json\" class=\"yoast-schema-graph\">{\"@context\":\"https:\\\/\\\/schema.org\",\"@graph\":[{\"@type\":\"WebPage\",\"@id\":\"https:\\\/\\\/slauschek.photography\\\/cms\\\/links\\\/\",\"url\":\"https:\\\/\\\/slauschek.photography\\\/cms\\\/links\\\/\",\"name\":\"Links - Slauschek.Photography\",\"isPartOf\":{\"@id\":\"https:\\\/\\\/slauschek.photography\\\/cms\\\/#website\"},\"primaryImageOfPage\":{\"@id\":\"https:\\\/\\\/slauschek.photography\\\/cms\\\/links\\\/#primaryimage\"},\"image\":{\"@id\":\"https:\\\/\\\/slauschek.photography\\\/cms\\\/links\\\/#primaryimage\"},\"thumbnailUrl\":\"https:\\\/\\\/slauschek.photography\\\/cms\\\/wp-content\\\/uploads\\\/2025\\\/05\\\/Foto15_Logo_mitZusatz_RGB.png\",\"datePublished\":\"2021-04-23T19:26:55+00:00\",\"dateModified\":\"2025-05-14T13:48:42+00:00\",\"breadcrumb\":{\"@id\":\"https:\\\/\\\/slauschek.photography\\\/cms\\\/links\\\/#breadcrumb\"},\"inLanguage\":\"de\",\"potentialAction\":[{\"@type\":\"ReadAction\",\"target\":[\"https:\\\/\\\/slauschek.photography\\\/cms\\\/links\\\/\"]}]},{\"@type\":\"ImageObject\",\"inLanguage\":\"de\",\"@id\":\"https:\\\/\\\/slauschek.photography\\\/cms\\\/links\\\/#primaryimage\",\"url\":\"https:\\\/\\\/slauschek.photography\\\/cms\\\/wp-content\\\/uploads\\\/2025\\\/05\\\/Foto15_Logo_mitZusatz_RGB.png\",\"contentUrl\":\"https:\\\/\\\/slauschek.photography\\\/cms\\\/wp-content\\\/uploads\\\/2025\\\/05\\\/Foto15_Logo_mitZusatz_RGB.png\",\"width\":2362,\"height\":922},{\"@type\":\"BreadcrumbList\",\"@id\":\"https:\\\/\\\/slauschek.photography\\\/cms\\\/links\\\/#breadcrumb\",\"itemListElement\":[{\"@type\":\"ListItem\",\"position\":1,\"name\":\"Startseite\",\"item\":\"https:\\\/\\\/slauschek.photography\\\/cms\\\/\"},{\"@type\":\"ListItem\",\"position\":2,\"name\":\"Links\"}]},{\"@type\":\"WebSite\",\"@id\":\"https:\\\/\\\/slauschek.photography\\\/cms\\\/#website\",\"url\":\"https:\\\/\\\/slauschek.photography\\\/cms\\\/\",\"name\":\"Slauschek.Photography\",\"description\":\"Passion meets profession!\",\"potentialAction\":[{\"@type\":\"SearchAction\",\"target\":{\"@type\":\"EntryPoint\",\"urlTemplate\":\"https:\\\/\\\/slauschek.photography\\\/cms\\\/?s={search_term_string}\"},\"query-input\":{\"@type\":\"PropertyValueSpecification\",\"valueRequired\":true,\"valueName\":\"search_term_string\"}}],\"inLanguage\":\"de\"}]}<\/script>\n<!-- \/ Yoast SEO plugin. -->","yoast_head_json":{"title":"Links - Slauschek.Photography","robots":{"index":"index","follow":"follow","max-snippet":"max-snippet:-1","max-image-preview":"max-image-preview:large","max-video-preview":"max-video-preview:-1"},"canonical":"https:\/\/slauschek.photography\/cms\/links\/","og_locale":"de_DE","og_type":"article","og_title":"Links - Slauschek.Photography","og_url":"https:\/\/slauschek.photography\/cms\/links\/","og_site_name":"Slauschek.Photography","article_modified_time":"2025-05-14T13:48:42+00:00","og_image":[{"width":2362,"height":922,"url":"https:\/\/slauschek.photography\/cms\/wp-content\/uploads\/2025\/05\/Foto15_Logo_mitZusatz_RGB.png","type":"image\/png"}],"twitter_card":"summary_large_image","twitter_misc":{"Gesch\u00e4tzte Lesezeit":"4\u00a0Minuten"},"schema":{"@context":"https:\/\/schema.org","@graph":[{"@type":"WebPage","@id":"https:\/\/slauschek.photography\/cms\/links\/","url":"https:\/\/slauschek.photography\/cms\/links\/","name":"Links - Slauschek.Photography","isPartOf":{"@id":"https:\/\/slauschek.photography\/cms\/#website"},"primaryImageOfPage":{"@id":"https:\/\/slauschek.photography\/cms\/links\/#primaryimage"},"image":{"@id":"https:\/\/slauschek.photography\/cms\/links\/#primaryimage"},"thumbnailUrl":"https:\/\/slauschek.photography\/cms\/wp-content\/uploads\/2025\/05\/Foto15_Logo_mitZusatz_RGB.png","datePublished":"2021-04-23T19:26:55+00:00","dateModified":"2025-05-14T13:48:42+00:00","breadcrumb":{"@id":"https:\/\/slauschek.photography\/cms\/links\/#breadcrumb"},"inLanguage":"de","potentialAction":[{"@type":"ReadAction","target":["https:\/\/slauschek.photography\/cms\/links\/"]}]},{"@type":"ImageObject","inLanguage":"de","@id":"https:\/\/slauschek.photography\/cms\/links\/#primaryimage","url":"https:\/\/slauschek.photography\/cms\/wp-content\/uploads\/2025\/05\/Foto15_Logo_mitZusatz_RGB.png","contentUrl":"https:\/\/slauschek.photography\/cms\/wp-content\/uploads\/2025\/05\/Foto15_Logo_mitZusatz_RGB.png","width":2362,"height":922},{"@type":"BreadcrumbList","@id":"https:\/\/slauschek.photography\/cms\/links\/#breadcrumb","itemListElement":[{"@type":"ListItem","position":1,"name":"Startseite","item":"https:\/\/slauschek.photography\/cms\/"},{"@type":"ListItem","position":2,"name":"Links"}]},{"@type":"WebSite","@id":"https:\/\/slauschek.photography\/cms\/#website","url":"https:\/\/slauschek.photography\/cms\/","name":"Slauschek.Photography","description":"Passion meets profession!","potentialAction":[{"@type":"SearchAction","target":{"@type":"EntryPoint","urlTemplate":"https:\/\/slauschek.photography\/cms\/?s={search_term_string}"},"query-input":{"@type":"PropertyValueSpecification","valueRequired":true,"valueName":"search_term_string"}}],"inLanguage":"de"}]}},"jetpack_sharing_enabled":true,"_links":{"self":[{"href":"https:\/\/slauschek.photography\/cms\/wp-json\/wp\/v2\/pages\/7035","targetHints":{"allow":["GET"]}}],"collection":[{"href":"https:\/\/slauschek.photography\/cms\/wp-json\/wp\/v2\/pages"}],"about":[{"href":"https:\/\/slauschek.photography\/cms\/wp-json\/wp\/v2\/types\/page"}],"author":[{"embeddable":true,"href":"https:\/\/slauschek.photography\/cms\/wp-json\/wp\/v2\/users\/2"}],"replies":[{"embeddable":true,"href":"https:\/\/slauschek.photography\/cms\/wp-json\/wp\/v2\/comments?post=7035"}],"version-history":[{"count":34,"href":"https:\/\/slauschek.photography\/cms\/wp-json\/wp\/v2\/pages\/7035\/revisions"}],"predecessor-version":[{"id":10112,"href":"https:\/\/slauschek.photography\/cms\/wp-json\/wp\/v2\/pages\/7035\/revisions\/10112"}],"wp:attachment":[{"href":"https:\/\/slauschek.photography\/cms\/wp-json\/wp\/v2\/media?parent=7035"}],"curies":[{"name":"wp","href":"https:\/\/api.w.org\/{rel}","templated":true}]}}